{"id":1354,"date":"2017-04-13T18:17:43","date_gmt":"2017-04-13T16:17:43","guid":{"rendered":"http:\/\/evs-eu.org\/?page_id=1354"},"modified":"2017-07-16T08:32:12","modified_gmt":"2017-07-16T06:32:12","slug":"castel-s-p-t-2017","status":"publish","type":"page","link":"https:\/\/evs-eu.org\/en\/kongress\/castel-s-p-t-2017\/","title":{"rendered":"Castel S.P.T. 2017"},"content":{"rendered":"<p>Donnerstag, 8. Juni 2017 &#8211; 1. Kongresstag<br \/>\nXVII KONGRESS DES EUROP\u00c4ISCHEN VERBANDES DER STANDESBEAMTINNEN UND STANDESBEAMTEN (EVS)<br \/>\n\u201cFreiz\u00fcgigkeit in der Europ\u00e4ischen Union: Auswirkungen auf das Personenstands- und Meldewesen<br \/>\nAkademie f\u00fcr Personenstandswesen<br \/>\nV.le delle Terme 1056 &#8211; Castel San Pietro Terme<\/p>\n<p>Vorsitz:<br \/>\nSteve Heylen &#8211; Pr\u00e4sident des belgischen Verbandes der Standesbeamtinnen und Standesbeamten (VLAVABBS)<\/p>\n<p>&nbsp;<\/p>\n<p>Personenstandswesen und Freiz\u00fcgigkeit der Minderj\u00e4hrigen in der Europ\u00e4ischen Union<\/p>\n<p><a href=\"http:\/\/evs-eu.org\/wp-content\/uploads\/2017\/06\/Michael-Wells-Greco.pdf\">Dr. Michael Wells-Greco<\/a> &#8211; Rechtsanwalt und Universit\u00e4tsassistent an der Universit\u00e4t Maastricht (Niederlande)<\/p>\n<p>&nbsp;<\/p>\n<p>Ausforderungen und Erfahrungen bei verschiedenen Arten der Migration in Belgien<\/p>\n<p><a href=\"http:\/\/evs-eu.org\/wp-content\/uploads\/2017\/06\/Peter-Van-Costenoble-1.pdf\">Peter Van Costenoble<\/a> &#8211; Bezugsperson in Belgien f\u00fcr das Europ\u00e4ische Migrationsnetzwerk (Belgien)<\/p>\n<p>&nbsp;<\/p>\n<p>Trennung und Scheidung vor dem Standesbeamten in Italien<\/p>\n<p><a href=\"http:\/\/evs-eu.org\/wp-content\/uploads\/2017\/06\/Renzo-Calvigioni-1.pdf\">Dr. Renzo Calvigioni<\/a> &#8211; ANUSCA-Experte (Italien)<\/p>\n<p>&nbsp;<\/p>\n<p>Das auf verm\u00f6gensrechtliche Beziehungen anzuwendende Recht f\u00fcr Ehegatten oder nichteheliche Lebenspartner im Lichte des neuen europ\u00e4ischen Rechts<\/p>\n<p>Dr. Domenico Damascelli, Notar &#8211; Experte f\u00fcr internationales Recht (Italien)<\/p>\n<p>&nbsp;<\/p>\n<p>Bericht \u00fcber die Informatisierung in Estland<\/p>\n<p>Triin Rast &#8211; Project Manager &#8211; e-Governance-Akademie (Estland)<\/p>\n<p>&nbsp;<\/p>\n<p>E-Residency in Estland<\/p>\n<p><a href=\"http:\/\/evs-eu.org\/wp-content\/uploads\/2017\/06\/Victoria-Saue-1.pdf\">Victoria Saue <\/a>&#8211; Verantwortliche f\u00fcr Risiken und Regelbefolgung f\u00fcr das Projekt \u201cE-Residency\u201c in Estland (Estland)<\/p>\n<p>&nbsp;<\/p>\n<p>Registrierung der Geburten und Schutz der Minderj\u00e4hrigen in Estland<\/p>\n<p><a href=\"http:\/\/evs-eu.org\/wp-content\/uploads\/2017\/06\/Astrid-Valma-1.pdf\">Astrid Valma <\/a>&#8211; Standesamt Tallin (Estland)<\/p>\n<p>&nbsp;<\/p>\n<p>Registrierung der Geburten in Rum\u00e4nien. Die Fl\u00fcchtlingsproblematik<\/p>\n<p><a href=\"http:\/\/evs-eu.org\/wp-content\/uploads\/2017\/06\/Renata-Marin-1.pdf\">Renata Marin <\/a>&#8211; Pr\u00e4sidentin des rum\u00e4nischen Verbandes der Standesbeamtinnen und Standesbeamten (Rum\u00e4nien)<\/p>\n<p>&nbsp;<\/p>\n<p>Nachbeurkundung ausl\u00e4ndischer Urkunden in Polen<br \/>\n<a href=\"http:\/\/evs-eu.org\/wp-content\/uploads\/2017\/06\/Karol-Lipinski-1.pdf\">Karol Lipi\u0144ski <\/a>&#8211; Vizepr\u00e4sident des polnischen Verbandes der Standesbeamtinnen und Standesbeamten &#8211; Standesbeamter in Szczecin (Polen)<\/p>\n<p>&nbsp;<\/p>\n<p>Freitag, 9. Juni 2017 &#8211; 2. Kongresstag<br \/>\nProf. Dr. Paolo Mengozzi &#8211; Generalanwalt am Europ\u00e4ischen Gerichtshof<\/p>\n<p>Moderation:<br \/>\nSteve Heylen &#8211; Pr\u00e4sident des belgischen Verbandes der Standesbeamtinnen und Standesbeamten (VLAVABBS)<br \/>\nEurop\u00e4ischer Verband der Standesbeamtinnen und Standesbeamten e.V.<\/p>\n<p>&nbsp;<\/p>\n<p>Die schottische Regierung \u00fcberpr\u00fcft: Recht \u00fcber die Anerkennung des Geschlechts im Hinblick auf nicht-bin\u00e4re Personen<br \/>\n<a href=\"http:\/\/evs-eu.org\/wp-content\/uploads\/2017\/06\/Sarah-Duncan-1.pdf\">Sarah E. Duncan-<\/a> schottische Regierung. Team f\u00fcr Familien- und Verm\u00f6gensrecht (Schottland)<\/p>\n<p>&nbsp;<\/p>\n<p>Neues Namensrecht in \u00d6sterreich<br \/>\n<a href=\"http:\/\/evs-eu.org\/wp-content\/uploads\/2017\/06\/Waltraud-Hager-Liendlbauer-1.pdf\">Waltraud Hager-Liendbauer<\/a> \u2013 Gemeinde Sch\u00e4rding (\u00d6sterreich)<\/p>\n<p>&nbsp;<\/p>\n<p>Der EVS berichtet \u00fcber die Neuigkeiten aus den Mitgliedstaaten<\/p>\n<p>Leon Evers &#8211; Niederlande<br \/>\nGerhard Bangert &#8211; Generalsekret\u00e4r des EVS (Deutschland)<\/p>\n<p>&nbsp;<\/p>\n<p><strong><em>Video with INTERVIEWS of the 17th congres of the European Association of Registrars:<\/em><\/strong><\/p>\n<p><em><a href=\"https:\/\/www.youtube.com\/watch?v=h5HKd5X2-sQ&amp;t=643s\">https:\/\/www.youtube.com\/watch?v=h5HKd5X2-sQ&amp;t=643s<\/a><\/em><\/p>\n<p><strong><em>Short video\u00a0of the 17th congres of the European Association of Registrars:<\/em><\/strong><\/p>\n<p><a href=\"https:\/\/www.youtube.com\/watch?v=8BBnqGgfRww&amp;feature=youtu.be\"><em>https:\/\/www.youtube.com\/watch?v=8BBnqGgfRww&amp;feature=youtu.be<\/em><\/a><\/p>\n<p>&nbsp;<\/p>\n<p><a href=\"http:\/\/evs-eu.org\/wp-content\/uploads\/2017\/04\/DE-Program_11.05.pdf\">DE Programm<\/a><\/p>\n<p><a href=\"http:\/\/evs-eu.org\/wp-content\/uploads\/2017\/04\/costi-DE.pdf\">Teilnehmergeb\u00fchren<\/a><\/p>\n<p>&nbsp;<\/p>\n","protected":false},"excerpt":{"rendered":"<p>Donnerstag, 8. Juni 2017 &#8211; 1. Kongresstag XVII KONGRESS DES EUROP\u00c4ISCHEN VERBANDES DER STANDESBEAMTINNEN UND STANDESBEAMTEN (EVS) \u201cFreiz\u00fcgigkeit in der Europ\u00e4ischen Union: Auswirkungen auf das Personenstands- und Meldewesen Akademie f\u00fcr Personenstandswesen V.le delle Terme 1056 &#8211; Castel San Pietro Terme Vorsitz: Steve Heylen &#8211; Pr\u00e4sident des belgischen Verbandes der Standesbeamtinnen und Standesbeamten (VLAVABBS) &nbsp; Personenstandswesen [&hellip;]<\/p>\n","protected":false},"author":2,"featured_media":0,"parent":9,"menu_order":0,"comment_status":"closed","ping_status":"closed","template":"","meta":{"_acf_changed":false,"footnotes":""},"class_list":["post-1354","page","type-page","status-publish","hentry"],"acf":[],"_links":{"self":[{"href":"https:\/\/evs-eu.org\/en\/wp-json\/wp\/v2\/pages\/1354","targetHints":{"allow":["GET"]}}],"collection":[{"href":"https:\/\/evs-eu.org\/en\/wp-json\/wp\/v2\/pages"}],"about":[{"href":"https:\/\/evs-eu.org\/en\/wp-json\/wp\/v2\/types\/page"}],"author":[{"embeddable":true,"href":"https:\/\/evs-eu.org\/en\/wp-json\/wp\/v2\/users\/2"}],"replies":[{"embeddable":true,"href":"https:\/\/evs-eu.org\/en\/wp-json\/wp\/v2\/comments?post=1354"}],"version-history":[{"count":18,"href":"https:\/\/evs-eu.org\/en\/wp-json\/wp\/v2\/pages\/1354\/revisions"}],"predecessor-version":[{"id":1466,"href":"https:\/\/evs-eu.org\/en\/wp-json\/wp\/v2\/pages\/1354\/revisions\/1466"}],"up":[{"embeddable":true,"href":"https:\/\/evs-eu.org\/en\/wp-json\/wp\/v2\/pages\/9"}],"wp:attachment":[{"href":"https:\/\/evs-eu.org\/en\/wp-json\/wp\/v2\/media?parent=1354"}],"curies":[{"name":"wp","href":"https:\/\/api.w.org\/{rel}","templated":true}]}}