{"id":1514,"date":"2017-10-16T18:35:46","date_gmt":"2017-10-16T16:35:46","guid":{"rendered":"http:\/\/evs-eu.org\/?page_id=1514"},"modified":"2020-11-18T15:00:28","modified_gmt":"2020-11-18T14:00:28","slug":"estonia","status":"publish","type":"page","link":"https:\/\/evs-eu.org\/en\/members\/estonia\/","title":{"rendered":"Estonia"},"content":{"rendered":"<p>Der Berufsverband estnischer Standesbeamten wurde am 18.12.2009 gegr\u00fcndet und hat zum gegenw\u00e4rtigen Zeitpunkt 46 Mitglieder.<\/p>\n<p>Gem\u00e4\u00df dem im Jahre 2010 in Kraft getretenen Gesetz \u00fcber personenstandsamtliche Handlungen wird dem Standesbeamten das Recht zur Berufsaus\u00fcbung nach erfolgreicher Ablegung einer dementsprechenden Pr\u00fcfung verliehen.<\/p>\n<p>Anfang 2018 wurde in Estland eine Verwaltungsreform vollzogen, die sich auch auf die Mitgliederschaft dieses Berufsverbandes auswirkte. F\u00fcr dieses Jahr wird angestrebt die Mitgliederzahl zu erh\u00f6hen, indem die hinzugekommenen Standesbeamten einbezogen werden sollen.<\/p>\n<p>Die grundlegenden Ziele des Berufsverbandes estnischer Standesbeamten sind darauf gerichtet, die Standesbeamten in Estland zu vereinigen und ihre Rolle in der Gesellschaft aufzuwerten, ihre Position herauszubilden und zu verfestigen sowie ausgehend von der allt\u00e4glichen Arbeit Vorschl\u00e4ge zur Ver\u00e4nderung von rechtlichen Bestimmungen zu unterbreiten.<\/p>\n<p>Mit einem regelm\u00e4\u00dfigen Erfahrungsaustausch zwischen den Kolleginnen und Kollegen sowohl im Inland als auch im Ausland m\u00f6chte der Verband seinen Beitrag zur Anhebung der Professionalit\u00e4t der Beamten leisten. Mit Blick auf den Erfahrungsaustausch und das Kn\u00fcpfen von Kontakten wurden in Zusammenarbeit mit estnischen Auslandsvertretungen Bildungsreisen in unsere Nachbarstaaten Finnland, Schweden, Lettland und Russland organisiert. Seit 2011 nimmt der Verband an den Kongressen des Europ\u00e4ischen Verbandes der Standesbeamtinnen und Standesbeamten teil, was wesentlich zur Entwicklung der internationalen Zusammenarbeit des Verbandes mit den europ\u00e4ischen Kollegen beigetragen hat.<\/p>\n","protected":false},"excerpt":{"rendered":"<p>Der Berufsverband estnischer Standesbeamten wurde am 18.12.2009 gegr\u00fcndet und hat zum gegenw\u00e4rtigen Zeitpunkt 46 Mitglieder. Gem\u00e4\u00df dem im Jahre 2010 in Kraft getretenen Gesetz \u00fcber personenstandsamtliche Handlungen wird dem Standesbeamten das Recht zur Berufsaus\u00fcbung nach erfolgreicher Ablegung einer dementsprechenden Pr\u00fcfung verliehen. Anfang 2018 wurde in Estland eine Verwaltungsreform vollzogen, die sich auch auf die Mitgliederschaft [&hellip;]<\/p>\n","protected":false},"author":2,"featured_media":0,"parent":201,"menu_order":0,"comment_status":"closed","ping_status":"closed","template":"","meta":{"_acf_changed":false,"footnotes":""},"class_list":["post-1514","page","type-page","status-publish","hentry"],"acf":[],"_links":{"self":[{"href":"https:\/\/evs-eu.org\/en\/wp-json\/wp\/v2\/pages\/1514","targetHints":{"allow":["GET"]}}],"collection":[{"href":"https:\/\/evs-eu.org\/en\/wp-json\/wp\/v2\/pages"}],"about":[{"href":"https:\/\/evs-eu.org\/en\/wp-json\/wp\/v2\/types\/page"}],"author":[{"embeddable":true,"href":"https:\/\/evs-eu.org\/en\/wp-json\/wp\/v2\/users\/2"}],"replies":[{"embeddable":true,"href":"https:\/\/evs-eu.org\/en\/wp-json\/wp\/v2\/comments?post=1514"}],"version-history":[{"count":3,"href":"https:\/\/evs-eu.org\/en\/wp-json\/wp\/v2\/pages\/1514\/revisions"}],"predecessor-version":[{"id":2227,"href":"https:\/\/evs-eu.org\/en\/wp-json\/wp\/v2\/pages\/1514\/revisions\/2227"}],"up":[{"embeddable":true,"href":"https:\/\/evs-eu.org\/en\/wp-json\/wp\/v2\/pages\/201"}],"wp:attachment":[{"href":"https:\/\/evs-eu.org\/en\/wp-json\/wp\/v2\/media?parent=1514"}],"curies":[{"name":"wp","href":"https:\/\/api.w.org\/{rel}","templated":true}]}}