{"id":203,"date":"2015-08-24T15:55:46","date_gmt":"2015-08-24T13:55:46","guid":{"rendered":"http:\/\/evs-eu.org\/en\/?page_id=203"},"modified":"2024-07-29T11:00:09","modified_gmt":"2024-07-29T09:00:09","slug":"organization","status":"publish","type":"page","link":"https:\/\/evs-eu.org\/en\/organization\/","title":{"rendered":"Organization"},"content":{"rendered":"<p><strong>Shirley Dickie adoptet<\/strong><\/p>\n<p>By decision of the general meeting Mrs Schirley Dickie was awarded honorary membership and the badge of honor of the EVS at the congress in Leuven.<br \/>\nShirley Dickie was for many years a member of the Advisory Board and has represented the Scottish Association in EVS.<\/p>\n<p><a href=\"http:\/\/evs-eu.org\/wp-content\/uploads\/2016\/07\/27312195175_5a735b675a_h.jpg\"><img loading=\"lazy\" decoding=\"async\" class=\"alignnone size-medium wp-image-1202 mCS_img_loaded\" src=\"http:\/\/evs-eu.org\/wp-content\/uploads\/2016\/07\/27312195175_5a735b675a_h-300x200.jpg\" sizes=\"auto, (max-width: 300px) 100vw, 300px\" srcset=\"http:\/\/evs-eu.org\/wp-content\/uploads\/2016\/07\/27312195175_5a735b675a_h-300x200.jpg 300w, http:\/\/evs-eu.org\/wp-content\/uploads\/2016\/07\/27312195175_5a735b675a_h-768x512.jpg 768w, http:\/\/evs-eu.org\/wp-content\/uploads\/2016\/07\/27312195175_5a735b675a_h-1024x682.jpg 1024w, http:\/\/evs-eu.org\/wp-content\/uploads\/2016\/07\/27312195175_5a735b675a_h-204x136.jpg 204w, http:\/\/evs-eu.org\/wp-content\/uploads\/2016\/07\/27312195175_5a735b675a_h.jpg 1600w\" alt=\"27312195175_5a735b675a_h\" width=\"300\" height=\"200\" \/><\/a><\/p>\n<p>President J\u00fcrgen\u00a0Rast handed<br \/>\nthe badge of honor of Shirley Dickie<\/p>\n<p><strong>Franco Stacul made an honorary member<\/strong><br \/>\nIn the General Assembly of the EVS on May 10, 2015 Franco Stacul was appointed to decision of the General Assembly as an honorary member of the EVS. President J\u00fcrgen Rast handed Franco Stacul the badge of honor of the EVS and in his short laudatory speech he tells about his merits.<br \/>\nOn November 03, 2010, Franco Stacul was elected as General Secretary of the EVS by the members. He held this function until his voluntary resignation four years from the benefit of the EVS. President J\u00fcrgen Rast thanked the honorees for the successful activity, wish in the continued success and health in the hope of continued cooperation.<\/p>\n<p><a href=\"http:\/\/evs-eu.org\/wp-content\/uploads\/2015\/08\/img.jpg\"><img loading=\"lazy\" decoding=\"async\" class=\"size-medium wp-image-609 aligncenter\" src=\"http:\/\/evs-eu.org\/wp-content\/uploads\/2015\/08\/img-300x200.jpg\" alt=\"img\" width=\"300\" height=\"200\" srcset=\"https:\/\/evs-eu.org\/wp-content\/uploads\/2015\/08\/img-300x200.jpg 300w, https:\/\/evs-eu.org\/wp-content\/uploads\/2015\/08\/img-204x136.jpg 204w, https:\/\/evs-eu.org\/wp-content\/uploads\/2015\/08\/img.jpg 560w\" sizes=\"auto, (max-width: 300px) 100vw, 300px\" \/><\/a><br \/>\n<strong>2014 &#8211; J\u00fcrgen Rast zum Pr\u00e4sidenten des Europ\u00e4ischen Verbandes der Standesbeamten (EVS) gew\u00e4hlt<\/strong><\/p>\n<p>Anfang Oktober 2014 trafen sich die Vorsitzenden der Mitgliedsverb\u00e4nde des Europ\u00e4ischen Verbandes der Standesbeamtinnen und Standesbeamten in Kassel zur j\u00e4hrlichen Mitgliederversammlung und Vorstandswahlen.<\/p>\n<p>Der Verband vereint zehn europ\u00e4ische L\u00e4nder unter seinem Dach. Dazu z\u00e4hlen: Belgien, Deutschland, Italien, die Niederlande, Polen, Rum\u00e4nien, Schottland, die Schweiz, die Slowakei und Slowenien. Mit weiteren europ\u00e4ischen Staaten, wie zum Beispiel Spanien, besteht reger Kontakt. Ziel des EVS ist es unter anderem, durch intensive Zusammenarbeit auf unterschiedlichen Ebenen die immer vielf\u00e4ltigeren Probleme der national unterschiedlichen Regelungen in den Bereichen Standesamts- und Personenstandswesen aufzuzeigen und damit den Umgang f\u00fcr die Standesbeamtinnen und Standesbeamten mit diesen Bestimmungen zu erleichtern. In der Mitgliederversammlung wurde der Vorsitzende des Bundesverbandes der Deutschen Standesbeamtinnen und Standesbeamten (BDS) und fr\u00fchere Leiter des Standesamtes Kassel, J\u00fcrgen Rast, zum neuen Vorsitzenden des EVS gew\u00e4hlt. Als Vizepr\u00e4sidenten wurden der Vorsitzende des italienischen Verbandes, Paride Gullini sowie des niederl\u00e4ndischen Verbandes, Simon Rijsdijk, gew\u00e4hlt. Gerhard Bangert, Studienleiter an der Akademie f\u00fcr Personenstandswesen wird die Funktion des Generalsekret\u00e4rs des EVS \u00fcbernehmen. Im Dezember des vergangenen Jahres reisten J\u00fcrgen Rast, Dieter Hahnel und Gerhard Bangert zur \u00dcbergabe der Amts\u00fcbergabe nach Castel San Pietro Terme (BO), Italien. In Castel San Pietro Terme (BO) hat der italienische Verband ANUSCA seinen Sitz. Neben den aktuellen Themen des EVS (Gewinnung neuer Mitglieder) informierte der scheidende Pr\u00e4sident Paride Gullini \u00fcber die T\u00e4tigkeiten in den vergangenen vier Jahren. Neben den j\u00e4hrlichen Kongressen sind sicherlich die beiden, von der EU-Kommission bezuschussten Seminare in Italien, hervorzuheben. Mehr als vierzig Standesbeamtinnen und Standesbeamten aus verschiedenen europ\u00e4ischen Staaten trafen sich in Italien zu einem zweiw\u00f6chigen Seminar. Als n\u00e4chstes steht der Kongress des EVS am 11. und 12. Mai 2015 in Kassel auf dem Programm. Der Kongress steht unter dem Motto \u201eVer\u00e4nderungen in der Gesellschaft \u2013 Herausforderungen f\u00fcr die europ\u00e4ischen Standesbeamten. Leihmutterschaft, Mitelternschaft, Intersexualit\u00e4t und administrative Scheidungen \u2013 dies sind nur einige Themen. Weitere Schwerpunkte sind Kurzberichte aus verschiedenen europ\u00e4ischen L\u00e4ndern und Workshops zu standesamtlichen Themen. Das Programm und Anmeldeunterlagen werden rechtzeitig auf der Website des EVS (<a href=\"http:\/\/www.evs-eu.org\/\">http:\/\/www.evs-eu.org\/<\/a>) ver\u00f6ffentlicht werden.<\/p>\n<p><a href=\"http:\/\/evs-eu.org\/wp-content\/uploads\/2015\/08\/img1.jpg\"><img loading=\"lazy\" decoding=\"async\" class=\"size-medium wp-image-610 aligncenter\" src=\"http:\/\/evs-eu.org\/wp-content\/uploads\/2015\/08\/img1-300x200.jpg\" alt=\"img\" width=\"300\" height=\"200\" srcset=\"https:\/\/evs-eu.org\/wp-content\/uploads\/2015\/08\/img1-300x200.jpg 300w, https:\/\/evs-eu.org\/wp-content\/uploads\/2015\/08\/img1-204x136.jpg 204w, https:\/\/evs-eu.org\/wp-content\/uploads\/2015\/08\/img1.jpg 512w\" sizes=\"auto, (max-width: 300px) 100vw, 300px\" \/><\/a><\/p>\n<p><strong>2014 &#8211; J\u00fcrgen Rast elected as President of the European Association of registrars (EVS)<\/strong><\/p>\n<p>In October 2014, the Presidents of the member associations of the European Association of registrars met in Kassel for the annual general meeting and board elections. The Association brings together ten European countries under his roof.<br \/>\nThese include: Belgium, Germany, Italy, the Netherlands, Poland, Romania, Scotland, Switzerland, Slovakia and Slovenia. With other European countries, such as Spain, there is active contact. Among others the aim of EVS is, due to strong cooperation on various levels, to demonstrate the increasingly diverse problems of different national regulations in the areas of civil status and thereby to facilitate the handling for the civil registrars with these regulations. In the General Assembly, J\u00fcrgen Rast, the President of the \u201cBundesverband der Deutschen Standesbeamtinnen und Standesbeamten\u201d (BDS) and former head of the registry office Kassel was elected as the new President of EVS. As Vice Presidents, Paride Gullini, president of the Italian association and Simon Rijsdijk, president of the Dutch association were elected. Gerhard Bangert, director of studies at the \u201cAkademie f\u00fcr Personenstandswesen\u201d, will take over the function of the General Secretary of EVS. In December last year, J\u00fcrgen Rast, Dieter Hahnel and Gerhard Bangert traveled to Castel San Pietro Terme (CSTP), Italy for the official handover. In Castel San Pietro Terme the Italian Association ANUSCA has his location. In addition to the current issues of EVS (attracting new members), the outgoing President Paridre Gullini informed about the activities in the past four years. In addition to the annual conferences, certainly both seminars in Italy, funded by the European Commission, are emphasized. More than forty professional officers and registrars from various European countries met in Italy for a two-week seminar. Next on the agenda is the Congress of EVS on 11th and 12th May 2015 in Kassel. The Congress has the slogan &#8220;changes in society &#8211; challenges for European registrars. Surrogate mothers, Duo-motherhood, Transgender and Administrative Divorce &#8211; these are just some of the topics. Other priorities are short reports from various European countries and workshops on civil status issues.<\/p>\n<p>2012 &#8211; In the Assembly on 25th and 26th January in Castel San Pietro Terme Paride Gullini was confirmed for the second mandateOn 25th and 26th January in Castel San Pietro Terme (Bologna), the representatives of Austria,Belgium, , Germany, Holland, Italy, Romania, Scotland, Slovenia during the annual EVS Assembly (Poland and Slovakia justified absents) confirmed Paride Gullini as EVS President charging him of his second european mandate.<\/p>\n<p><a href=\"http:\/\/evs-eu.org\/wp-content\/uploads\/2015\/08\/img2.jpg\"><img loading=\"lazy\" decoding=\"async\" class=\"size-full wp-image-611 aligncenter\" src=\"http:\/\/evs-eu.org\/wp-content\/uploads\/2015\/08\/img2.jpg\" alt=\"img\" width=\"250\" height=\"249\" srcset=\"https:\/\/evs-eu.org\/wp-content\/uploads\/2015\/08\/img2.jpg 250w, https:\/\/evs-eu.org\/wp-content\/uploads\/2015\/08\/img2-150x150.jpg 150w\" sizes=\"auto, (max-width: 250px) 100vw, 250px\" \/><\/a><br \/>\nIn his speech Mr. Gullini informed the Assembly about the Call of the European Commission in which EVS presented a request of funding. In addition to the annual Congress, EVS will organize 2 Seminaries in English of ten days each (one in Bad Salzschlirf, the other in Castel San Pietro Terme, unique venues of Civil Status Academy in Europe) for 20 people each , about topics in which the European Commission actually is very interested : European Union Law, International Private Law, Family Law, Civil Status System in 5 EVS Countries (Italy, Germany, Romania, Holland and Belgium). The Assembly approved the iniziative of the reconfirmed President.<br \/>\nReconfirmed also one of the two Vice Presidents, Bojana Zadravec (Slovenia) , while the other , Eleonore Bailer, even if active in the Association , was replaced by the Dutch Simon Rijsdijk, that will support Mrs Zadravec.<\/p>\n<p>Then the Assembly checked the organization of the 13 EVS Congress that will take pale in Bled (Slovenia) from 12th to 15th May, where will be assured Italian, German, Polish, English and French translation , the last one, it is important to mention , is the official language of the civil status. The Assembly has agreed on the importance of the commitment of the Associations for the success of the EVS Congress.<\/p>\n<p><strong>Pr\u00e4sidium EVS 2010<\/strong><\/p>\n<p>Am 3. Nov. 2010 wurde anl\u00e4sslich der Jahresversammlung der Mitglieder des EVS ein neues Pr\u00e4sidium gew\u00e4hlt.<br \/>\nWir freuen uns mitteilen zu k\u00f6nnen, dass Herr Paride Gullini (Italien) f\u00fcr zwei Jahre die Pr\u00e4sidentschaft \u00fcbernehmen wird. Als Vizepr\u00e4sidentinnen wurden Frau Bojana Zadravec (Slowenien) und Frau Eleonore Bailer (\u00d6sterreich) gew\u00e4hlt. Die Funktion des Generalsekret\u00e4rs wird Herr Franco Stacul (Italien), die des wissenschaftlichen Beraters Herr Jan Otten(Niederlande) erf\u00fcllen. Das neu Pr\u00e4sidium beginnt seine Arbeit mit 1. J\u00e4nner 2011.<\/p>\n<p>Wir w\u00fcnschen dem neuen Pr\u00e4sidium viel Gl\u00fcck!<\/p>\n<p><strong>Europ\u00e4ischer Verband der Standesbeamtinnen und Standesbeamten e.V.<\/strong><\/p>\n<p>Der Europ\u00e4ische Verband der Standesbeamtinnen und Standesbeamten e.V. (EVS) wurde in Mai 2000 in\u00a0Noordwijkerhout in den Niederlanden gegr\u00fcndet. Er unterliegt dem deutschen Vereinsrecht.<\/p>\n<p>Der EVS ist beim Amtsgericht Fulda registriert auf dem Registerblatt VR 1690.<\/p>\n<p><strong>Der Vorstand, die Mitgliederversammlung, das Sekretariat und die Gesch\u00e4ftsf\u00fchrung<\/strong><\/p>\n<p>Die Mitgliederversammlung besteht aus Vertretern der Mitgliedsverbande.<\/p>\n<p>Dazu kennt der Verein auch einen Vorstand.<\/p>\n<p>Der Vorstand besteht aus dem Pr\u00e4sidenten Simon Rijsdijk aus den Niederlanden und den beiden Vizepr\u00e4sidenten Steve Heylen (Belgien) und Paride Gullini (Italien).<\/p>\n<p>Der Generalsekret\u00e4r ist Gerhard Bangert aus Deutschland.<\/p>\n<p><strong>Die Ziele<\/strong><\/p>\n<p>Die Ziele des Vereins sind insbesondere gerichtet auf die wechselseitige Information (innerhalb Europas) \u00fcber<br \/>\ndie rechtliche Entwicklung auf den Gebieten des Personenstandrechts, des Ehe-, Kindschafts- und Familienrechts, des Staatsangeh\u00f6rigkeitsrechts sowie verwandter Gebiete. Weiter geh\u00f6ren zu den Aufgaben der systematische<br \/>\nRechtsvergleich der einschl\u00e4gigen Materien und der gegenseitige Austausch der Rechtsgrundlagen. Ein wichtiges<br \/>\nThema ist die F\u00f6rderung der Harmonisierung der angef\u00fchrten Rechtsbereiche in enger Kooperation mit der Commission Internationale de L&#8217;etat Civil (CIEC). Dies im Interesse der Rechtsgleichheit f\u00fcr die europ\u00e4ische Bev\u00f6lkerung.<\/p>\n<p><strong>Die Aufgaben<\/strong><\/p>\n<p>Die Aufgaben des Verbandes sind beispielsweise die Abgabe von Stellungsnahmen zu einschl\u00e4gigen Rechtsvorhaben<br \/>\nauf europ\u00e4ischer Ebene. Auch die F\u00f6rderung des Erfahrungsaustausches der Standesbeamten auf europ\u00e4ischer Ebene<br \/>\nals Kontakt- und Ansprechstelle f\u00fcr die Praxis, insbesondere durch die Veranstaltung von Seminaren, Kongressen und Tagungen, ist ein wichtiges Thema.<\/p>\n<p><strong>Die Mitglieder<\/strong><\/p>\n<p>The national associations of registrars in Belgium, Germany, Estonia, Italy, the Netherlands, Poland, Latvia, Slovakia and Slovenia are members of the EVS.<\/p>\n<p><strong>Der Jahreskongress und weitere Aktivit\u00e4ten<\/strong><\/p>\n<p>Der EVS organisiert jedes Jahr in einem Mitgliedstaat einen zweit\u00e4gigen Kongress, an dem viele Standesbeamtinnen\u00a0und Standesbeamte sowie Vertreter der verschiedene Departements und Personen aus der Wissenschaft einander\u00a0treffen. Dabei k\u00f6nnen die europ\u00e4ischen Kolleginnen und Kollegen miteinander Bekanntschaft machen und Netzwerke gr\u00fcnden. Weiter besch\u00e4ftigt der Verein sich mit vielen Angelegenheiten wie zum Beispiel dem Verbund mit der EU,\u00a0der Organisation des EVS und mit der Ausarbeitung der Ziele und Aufgaben nach der Satzung des EVS.<\/p>\n","protected":false},"excerpt":{"rendered":"<p>Shirley Dickie adoptet By decision of the general meeting Mrs Schirley Dickie was awarded honorary membership and the badge of honor of the EVS at the congress in Leuven. Shirley Dickie was for many years a member of the Advisory Board and has represented the Scottish Association in EVS. President J\u00fcrgen\u00a0Rast handed the badge of [&hellip;]<\/p>\n","protected":false},"author":2,"featured_media":0,"parent":0,"menu_order":0,"comment_status":"closed","ping_status":"closed","template":"page-organization.php","meta":{"_acf_changed":false,"footnotes":""},"class_list":["post-203","page","type-page","status-publish","hentry"],"acf":[],"_links":{"self":[{"href":"https:\/\/evs-eu.org\/en\/wp-json\/wp\/v2\/pages\/203","targetHints":{"allow":["GET"]}}],"collection":[{"href":"https:\/\/evs-eu.org\/en\/wp-json\/wp\/v2\/pages"}],"about":[{"href":"https:\/\/evs-eu.org\/en\/wp-json\/wp\/v2\/types\/page"}],"author":[{"embeddable":true,"href":"https:\/\/evs-eu.org\/en\/wp-json\/wp\/v2\/users\/2"}],"replies":[{"embeddable":true,"href":"https:\/\/evs-eu.org\/en\/wp-json\/wp\/v2\/comments?post=203"}],"version-history":[{"count":17,"href":"https:\/\/evs-eu.org\/en\/wp-json\/wp\/v2\/pages\/203\/revisions"}],"predecessor-version":[{"id":2492,"href":"https:\/\/evs-eu.org\/en\/wp-json\/wp\/v2\/pages\/203\/revisions\/2492"}],"wp:attachment":[{"href":"https:\/\/evs-eu.org\/en\/wp-json\/wp\/v2\/media?parent=203"}],"curies":[{"name":"wp","href":"https:\/\/api.w.org\/{rel}","templated":true}]}}