{"id":206,"date":"2015-08-24T15:56:08","date_gmt":"2015-08-24T13:56:08","guid":{"rendered":"http:\/\/evs-eu.org\/en\/?page_id=206"},"modified":"2016-02-08T09:27:32","modified_gmt":"2016-02-08T08:27:32","slug":"project","status":"publish","type":"page","link":"https:\/\/evs-eu.org\/en\/project\/","title":{"rendered":"Project"},"content":{"rendered":"<p><strong>Vorschl\u00e4ge des EVS und ANUSCA zum &#8220;Gr\u00fcnbuch COM(2010) 747&#8221; der Europ\u00e4ischen Kommission<\/strong><\/p>\n<p>We have received a letter of thanks from the BundesnotarKammer of Brussels about the useful ANUSCA and EVS proposals&#8221;<br \/>\n<a href=\"http:\/\/evs-eu.org\/wp-content\/uploads\/2015\/08\/icona_pdf.gif\"><img loading=\"lazy\" decoding=\"async\" class=\"alignnone size-full wp-image-626\" src=\"http:\/\/evs-eu.org\/wp-content\/uploads\/2015\/08\/icona_pdf.gif\" alt=\"icona_pdf\" width=\"14\" height=\"15\" \/><\/a>\u00a0 [EN] Gr\u00fcnbuch<br \/>\n<a href=\"http:\/\/evs-eu.org\/wp-content\/uploads\/2015\/08\/icona_pdf.gif\"><img loading=\"lazy\" decoding=\"async\" class=\"alignnone size-full wp-image-626\" src=\"http:\/\/evs-eu.org\/wp-content\/uploads\/2015\/08\/icona_pdf.gif\" alt=\"icona_pdf\" width=\"14\" height=\"15\" \/><\/a>\u00a0 [DE] Gr\u00fcnbuch<br \/>\n<a href=\"http:\/\/evs-eu.org\/wp-content\/uploads\/2015\/08\/icona_pdf.gif\"><img loading=\"lazy\" decoding=\"async\" class=\"alignnone size-full wp-image-626\" src=\"http:\/\/evs-eu.org\/wp-content\/uploads\/2015\/08\/icona_pdf.gif\" alt=\"icona_pdf\" width=\"14\" height=\"15\" \/><\/a>\u00a0 [IT] Gr\u00fcnbuch<\/p>\n<p>&nbsp;<\/p>\n<p>Co-Funded by the European Union<br \/>\n<strong>2nd CIVIL STATUS INTERNATIONAL RESIDENTIAL COURSE<\/strong><br \/>\nCASTEL SAN PIETRO TERME 2nd \u2013 13th December 2013<\/p>\n<p>The 2nd Seminar co funded by the EC Commission begun on Monday 2nd December with the greeting of the EVS President Paride Gullini in the Academy of Civil Status Officers in Castel San Pietro Terme.<br \/>\nAt the course participate n.20 Civil Status Officers from different countries ( Holland, Italy and Slovenia), that will discuss about important issues of their every day work. The seminar will finish on Friday 13th December.<\/p>\n<p><a href=\"http:\/\/evs-eu.org\/wp-content\/uploads\/2015\/08\/second_seminar.jpg\"><img loading=\"lazy\" decoding=\"async\" class=\"alignnone size-medium wp-image-984\" src=\"http:\/\/evs-eu.org\/wp-content\/uploads\/2015\/08\/second_seminar-300x169.jpg\" alt=\"second_seminar\" width=\"300\" height=\"169\" srcset=\"https:\/\/evs-eu.org\/wp-content\/uploads\/2015\/08\/second_seminar-300x169.jpg 300w, https:\/\/evs-eu.org\/wp-content\/uploads\/2015\/08\/second_seminar-1024x576.jpg 1024w\" sizes=\"auto, (max-width: 300px) 100vw, 300px\" \/><\/a><a href=\"http:\/\/evs-eu.org\/wp-content\/uploads\/2015\/08\/img_grande.jpg\"><img loading=\"lazy\" decoding=\"async\" class=\"alignnone  wp-image-985\" src=\"http:\/\/evs-eu.org\/wp-content\/uploads\/2015\/08\/img_grande-300x185.jpg\" alt=\"img_grande\" width=\"273\" height=\"168\" srcset=\"https:\/\/evs-eu.org\/wp-content\/uploads\/2015\/08\/img_grande-300x185.jpg 300w, https:\/\/evs-eu.org\/wp-content\/uploads\/2015\/08\/img_grande.jpg 800w\" sizes=\"auto, (max-width: 273px) 100vw, 273px\" \/><\/a><a href=\"http:\/\/evs-eu.org\/wp-content\/uploads\/2015\/08\/006_grande.jpg\"><img loading=\"lazy\" decoding=\"async\" class=\"alignnone size-medium wp-image-986\" src=\"http:\/\/evs-eu.org\/wp-content\/uploads\/2015\/08\/006_grande-300x169.jpg\" alt=\"006_grande\" width=\"300\" height=\"169\" srcset=\"https:\/\/evs-eu.org\/wp-content\/uploads\/2015\/08\/006_grande-300x169.jpg 300w, https:\/\/evs-eu.org\/wp-content\/uploads\/2015\/08\/006_grande.jpg 1024w\" sizes=\"auto, (max-width: 300px) 100vw, 300px\" \/><\/a><\/p>\n<table style=\"table-layout: fixed; width: 1050px; height: 2899px;\">\n<tbody>\n<tr>\n<td><\/td>\n<td><\/td>\n<td><\/td>\n<\/tr>\n<tr>\n<td><\/td>\n<td><\/td>\n<td class=\"break-word\"><\/td>\n<\/tr>\n<tr>\n<td><\/td>\n<td><\/td>\n<td class=\"break-word\"><\/td>\n<\/tr>\n<tr>\n<td><\/td>\n<td><\/td>\n<td class=\"break-word\"><\/td>\n<\/tr>\n<tr>\n<td><\/td>\n<td><\/td>\n<td class=\"break-word\"><\/td>\n<\/tr>\n<tr>\n<td><\/td>\n<td><\/td>\n<td><\/td>\n<\/tr>\n<tr>\n<td><\/td>\n<td><\/td>\n<td class=\"break-word\"><\/td>\n<\/tr>\n<tr>\n<td><\/td>\n<td><\/td>\n<td class=\"break-word\"><\/td>\n<\/tr>\n<tr>\n<td><\/td>\n<td><\/td>\n<td class=\"break-word\"><\/td>\n<\/tr>\n<tr>\n<td><\/td>\n<td><\/td>\n<td class=\"break-word\"><\/td>\n<\/tr>\n<tr>\n<td><\/td>\n<td><\/td>\n<td class=\"break-word\"><\/td>\n<\/tr>\n<tr>\n<td><\/td>\n<td><\/td>\n<td><\/td>\n<\/tr>\n<tr>\n<td><\/td>\n<td><\/td>\n<td class=\"break-word\"><\/td>\n<\/tr>\n<tr>\n<td><\/td>\n<td><\/td>\n<td class=\"break-word\"><\/td>\n<\/tr>\n<tr>\n<td><\/td>\n<td><\/td>\n<td><\/td>\n<\/tr>\n<tr>\n<td><\/td>\n<td><\/td>\n<td class=\"break-word\"><\/td>\n<\/tr>\n<tr>\n<td><\/td>\n<td><\/td>\n<td><\/td>\n<\/tr>\n<tr>\n<td><\/td>\n<td><\/td>\n<td><\/td>\n<\/tr>\n<tr>\n<td><\/td>\n<td><\/td>\n<td class=\"break-word\"><\/td>\n<\/tr>\n<tr>\n<td><\/td>\n<td><\/td>\n<td class=\"break-word\"><\/td>\n<\/tr>\n<tr>\n<td><\/td>\n<td><\/td>\n<td class=\"break-word\"><\/td>\n<\/tr>\n<tr>\n<td><\/td>\n<td><\/td>\n<td class=\"break-word\"><\/td>\n<\/tr>\n<tr>\n<td><\/td>\n<td><\/td>\n<td class=\"break-word\"><\/td>\n<\/tr>\n<tr>\n<td><\/td>\n<td><\/td>\n<td><\/td>\n<\/tr>\n<tr>\n<td><\/td>\n<td><\/td>\n<td><\/td>\n<\/tr>\n<tr>\n<td><\/td>\n<td><\/td>\n<td><\/td>\n<\/tr>\n<tr>\n<td><\/td>\n<td><\/td>\n<td class=\"break-word\"><\/td>\n<\/tr>\n<tr>\n<td><\/td>\n<td><\/td>\n<td class=\"break-word\"><\/td>\n<\/tr>\n<tr>\n<td><\/td>\n<td><\/td>\n<td class=\"break-word\"><\/td>\n<\/tr>\n<tr>\n<td><\/td>\n<td><\/td>\n<td><\/td>\n<\/tr>\n<tr>\n<td><\/td>\n<td><\/td>\n<td class=\"break-word\"><\/td>\n<\/tr>\n<tr>\n<td><\/td>\n<td><\/td>\n<td class=\"break-word\"><\/td>\n<\/tr>\n<tr>\n<td><\/td>\n<td><\/td>\n<td class=\"break-word\"><\/td>\n<\/tr>\n<tr>\n<td><\/td>\n<td><\/td>\n<td class=\"break-word\"><\/td>\n<\/tr>\n<tr>\n<td><\/td>\n<td><\/td>\n<td><\/td>\n<\/tr>\n<tr>\n<td><\/td>\n<td><\/td>\n<td class=\"break-word\"><\/td>\n<\/tr>\n<tr>\n<td><\/td>\n<td><\/td>\n<td class=\"break-word\"><\/td>\n<\/tr>\n<tr>\n<td><\/td>\n<td><\/td>\n<td class=\"break-word\"><\/td>\n<\/tr>\n<tr>\n<td><\/td>\n<td><\/td>\n<td class=\"break-word\"><\/td>\n<\/tr>\n<tr>\n<td><\/td>\n<td><\/td>\n<td class=\"break-word\"><\/td>\n<\/tr>\n<tr>\n<td><\/td>\n<td><\/td>\n<td class=\"break-word\"><\/td>\n<\/tr>\n<tr>\n<td><\/td>\n<td><\/td>\n<td class=\"break-word\"><\/td>\n<\/tr>\n<tr>\n<td><\/td>\n<td><\/td>\n<td class=\"break-word\"><\/td>\n<\/tr>\n<tr>\n<td><\/td>\n<td><\/td>\n<td class=\"break-word\"><\/td>\n<\/tr>\n<tr>\n<td><\/td>\n<td><\/td>\n<td class=\"break-word\"><\/td>\n<\/tr>\n<tr>\n<td><\/td>\n<td><\/td>\n<td class=\"break-word\"><\/td>\n<\/tr>\n<tr>\n<td><\/td>\n<td><\/td>\n<td class=\"break-word\"><\/td>\n<\/tr>\n<tr>\n<td><\/td>\n<td><\/td>\n<td class=\"break-word\"><\/td>\n<\/tr>\n<tr>\n<td><\/td>\n<td><\/td>\n<td><\/td>\n<\/tr>\n<tr>\n<td><\/td>\n<td><\/td>\n<td class=\"break-word\"><\/td>\n<\/tr>\n<tr>\n<td><\/td>\n<td><\/td>\n<td class=\"break-word\"><\/td>\n<\/tr>\n<tr>\n<td><\/td>\n<td><\/td>\n<td class=\"break-word\"><\/td>\n<\/tr>\n<tr>\n<td><\/td>\n<td><\/td>\n<td><\/td>\n<\/tr>\n<tr>\n<td><\/td>\n<td><\/td>\n<td class=\"break-word\"><\/td>\n<\/tr>\n<tr>\n<td><\/td>\n<td><\/td>\n<td class=\"break-word\"><\/td>\n<\/tr>\n<tr>\n<td><\/td>\n<td><\/td>\n<td class=\"break-word\"><\/td>\n<\/tr>\n<tr>\n<td><\/td>\n<td><\/td>\n<td class=\"break-word\"><\/td>\n<\/tr>\n<tr>\n<td><\/td>\n<td><\/td>\n<td class=\"break-word\"><\/td>\n<\/tr>\n<tr>\n<td><\/td>\n<td><\/td>\n<td class=\"break-word\"><\/td>\n<\/tr>\n<tr>\n<td><\/td>\n<td><\/td>\n<td><\/td>\n<\/tr>\n<tr>\n<td><\/td>\n<td><\/td>\n<td class=\"break-word\"><\/td>\n<\/tr>\n<tr>\n<td><\/td>\n<td><\/td>\n<td class=\"break-word\"><\/td>\n<\/tr>\n<tr>\n<td><\/td>\n<td><\/td>\n<td class=\"break-word\"><\/td>\n<\/tr>\n<tr>\n<td><\/td>\n<td><\/td>\n<td class=\"break-word\"><\/td>\n<\/tr>\n<tr>\n<td><\/td>\n<td><\/td>\n<td class=\"break-word\"><\/td>\n<\/tr>\n<tr>\n<td><\/td>\n<td><\/td>\n<td class=\"break-word\"><\/td>\n<\/tr>\n<tr>\n<td><\/td>\n<td><\/td>\n<td class=\"break-word\"><\/td>\n<\/tr>\n<tr>\n<td><\/td>\n<td><\/td>\n<td class=\"break-word\"><\/td>\n<\/tr>\n<tr>\n<td><\/td>\n<td><\/td>\n<td class=\"break-word\"><\/td>\n<\/tr>\n<tr>\n<td><\/td>\n<td><\/td>\n<td><\/td>\n<\/tr>\n<tr>\n<td><\/td>\n<td><\/td>\n<td><\/td>\n<\/tr>\n<tr>\n<td><\/td>\n<td><\/td>\n<td class=\"break-word\"><\/td>\n<\/tr>\n<tr>\n<td><\/td>\n<td><\/td>\n<td class=\"break-word\"><\/td>\n<\/tr>\n<tr>\n<td><\/td>\n<td><\/td>\n<td><\/td>\n<\/tr>\n<tr>\n<td><\/td>\n<td><\/td>\n<td><\/td>\n<\/tr>\n<tr>\n<td><\/td>\n<td><\/td>\n<td class=\"break-word\"><\/td>\n<\/tr>\n<tr>\n<td><\/td>\n<td><\/td>\n<td class=\"break-word\"><\/td>\n<\/tr>\n<tr>\n<td><\/td>\n<td><\/td>\n<td class=\"break-word\"><\/td>\n<\/tr>\n<tr>\n<td><\/td>\n<td><\/td>\n<td class=\"break-word\"><\/td>\n<\/tr>\n<tr>\n<td><\/td>\n<td><\/td>\n<td class=\"break-word\"><\/td>\n<\/tr>\n<tr>\n<td><\/td>\n<td><\/td>\n<td class=\"break-word\"><\/td>\n<\/tr>\n<tr>\n<td><\/td>\n<td><\/td>\n<td class=\"break-word\"><\/td>\n<\/tr>\n<tr>\n<td><\/td>\n<td><\/td>\n<td class=\"break-word\"><\/td>\n<\/tr>\n<tr>\n<td><\/td>\n<td><\/td>\n<td><\/td>\n<\/tr>\n<tr>\n<td><\/td>\n<td><\/td>\n<td class=\"break-word\"><\/td>\n<\/tr>\n<tr>\n<td><\/td>\n<td><\/td>\n<td class=\"break-word\"><\/td>\n<\/tr>\n<tr>\n<td><\/td>\n<td><\/td>\n<td class=\"break-word\"><\/td>\n<\/tr>\n<tr>\n<td><\/td>\n<td><\/td>\n<td class=\"break-word\"><\/td>\n<\/tr>\n<tr>\n<td><\/td>\n<td><\/td>\n<td class=\"break-word\"><\/td>\n<\/tr>\n<tr>\n<td><\/td>\n<td><\/td>\n<td class=\"break-word\"><\/td>\n<\/tr>\n<tr>\n<td><\/td>\n<td><\/td>\n<td class=\"break-word\"><\/td>\n<\/tr>\n<tr>\n<td><\/td>\n<td><\/td>\n<td class=\"break-word\"><\/td>\n<\/tr>\n<tr>\n<td><\/td>\n<td><\/td>\n<td class=\"break-word\"><\/td>\n<\/tr>\n<tr>\n<td><\/td>\n<td><\/td>\n<td><\/td>\n<\/tr>\n<tr>\n<td><\/td>\n<td><\/td>\n<td class=\"break-word\"><\/td>\n<\/tr>\n<tr>\n<td><\/td>\n<td><\/td>\n<td class=\"break-word\"><\/td>\n<\/tr>\n<tr>\n<td><\/td>\n<td><\/td>\n<td class=\"break-word\"><\/td>\n<\/tr>\n<\/tbody>\n<\/table>\n","protected":false},"excerpt":{"rendered":"<p>Vorschl\u00e4ge des EVS und ANUSCA zum &#8220;Gr\u00fcnbuch COM(2010) 747&#8221; der Europ\u00e4ischen Kommission We have received a letter of thanks from the BundesnotarKammer of Brussels about the useful ANUSCA and EVS proposals&#8221; \u00a0 [EN] Gr\u00fcnbuch \u00a0 [DE] Gr\u00fcnbuch \u00a0 [IT] Gr\u00fcnbuch &nbsp; Co-Funded by the European Union 2nd CIVIL STATUS INTERNATIONAL RESIDENTIAL COURSE CASTEL SAN PIETRO [&hellip;]<\/p>\n","protected":false},"author":2,"featured_media":0,"parent":0,"menu_order":0,"comment_status":"closed","ping_status":"closed","template":"","meta":{"_acf_changed":false,"footnotes":""},"class_list":["post-206","page","type-page","status-publish","hentry"],"acf":[],"_links":{"self":[{"href":"https:\/\/evs-eu.org\/en\/wp-json\/wp\/v2\/pages\/206","targetHints":{"allow":["GET"]}}],"collection":[{"href":"https:\/\/evs-eu.org\/en\/wp-json\/wp\/v2\/pages"}],"about":[{"href":"https:\/\/evs-eu.org\/en\/wp-json\/wp\/v2\/types\/page"}],"author":[{"embeddable":true,"href":"https:\/\/evs-eu.org\/en\/wp-json\/wp\/v2\/users\/2"}],"replies":[{"embeddable":true,"href":"https:\/\/evs-eu.org\/en\/wp-json\/wp\/v2\/comments?post=206"}],"version-history":[{"count":17,"href":"https:\/\/evs-eu.org\/en\/wp-json\/wp\/v2\/pages\/206\/revisions"}],"predecessor-version":[{"id":1007,"href":"https:\/\/evs-eu.org\/en\/wp-json\/wp\/v2\/pages\/206\/revisions\/1007"}],"wp:attachment":[{"href":"https:\/\/evs-eu.org\/en\/wp-json\/wp\/v2\/media?parent=206"}],"curies":[{"name":"wp","href":"https:\/\/api.w.org\/{rel}","templated":true}]}}