{"id":2060,"date":"2020-02-03T11:47:43","date_gmt":"2020-02-03T10:47:43","guid":{"rendered":"http:\/\/evs-eu.org\/?page_id=2060"},"modified":"2025-05-12T12:53:18","modified_gmt":"2025-05-12T10:53:18","slug":"bratislava-2020","status":"publish","type":"page","link":"https:\/\/evs-eu.org\/en\/congress\/bratislava-2020\/","title":{"rendered":"Bratislava 2020"},"content":{"rendered":"\n<div class=\"wp-block-file\"><a href=\"https:\/\/evs-eu.org\/wp-content\/uploads\/2020\/02\/20th-Congress-of-EVS.pdf\">20th Congress of EVS<\/a><a href=\"https:\/\/evs-eu.org\/wp-content\/uploads\/2020\/02\/20th-Congress-of-EVS.pdf\" class=\"wp-block-file__button\" download>Download<\/a><\/div>\n\n\n\n<p>In connection with the coronavirus crisis, we have decided not to hold the EVS annual conference on May 28-29 in Bratislava, Slovakia. The Bratislava conference will be postponed to a later date. You will be informed about this as soon as we have new data.<br> For now we wish everyone good health and pay attention to each other.<br> Kind regards,<br> Zuzana Kred\u00e1tosov\u00e1, President ZMaM SR<br> Ing. Diana Padychov\u00e1, Deputy Registrar, Bratislava Local Office<br> Simon Rijsdijk, President EVS<\/p>\n\n\n\n<p><\/p>\n","protected":false},"excerpt":{"rendered":"<p>In connection with the coronavirus crisis, we have decided not to hold the EVS annual conference on May 28-29 in Bratislava, Slovakia. The Bratislava conference will be postponed to a later date. You will be informed about this as soon as we have new data. For now we wish everyone good health and pay attention [&hellip;]<\/p>\n","protected":false},"author":2,"featured_media":0,"parent":199,"menu_order":0,"comment_status":"closed","ping_status":"closed","template":"","meta":{"_acf_changed":false,"footnotes":""},"class_list":["post-2060","page","type-page","status-publish","hentry"],"acf":[],"_links":{"self":[{"href":"https:\/\/evs-eu.org\/en\/wp-json\/wp\/v2\/pages\/2060","targetHints":{"allow":["GET"]}}],"collection":[{"href":"https:\/\/evs-eu.org\/en\/wp-json\/wp\/v2\/pages"}],"about":[{"href":"https:\/\/evs-eu.org\/en\/wp-json\/wp\/v2\/types\/page"}],"author":[{"embeddable":true,"href":"https:\/\/evs-eu.org\/en\/wp-json\/wp\/v2\/users\/2"}],"replies":[{"embeddable":true,"href":"https:\/\/evs-eu.org\/en\/wp-json\/wp\/v2\/comments?post=2060"}],"version-history":[{"count":5,"href":"https:\/\/evs-eu.org\/en\/wp-json\/wp\/v2\/pages\/2060\/revisions"}],"predecessor-version":[{"id":2225,"href":"https:\/\/evs-eu.org\/en\/wp-json\/wp\/v2\/pages\/2060\/revisions\/2225"}],"up":[{"embeddable":true,"href":"https:\/\/evs-eu.org\/en\/wp-json\/wp\/v2\/pages\/199"}],"wp:attachment":[{"href":"https:\/\/evs-eu.org\/en\/wp-json\/wp\/v2\/media?parent=2060"}],"curies":[{"name":"wp","href":"https:\/\/api.w.org\/{rel}","templated":true}]}}