{"id":2404,"date":"2023-12-11T12:20:53","date_gmt":"2023-12-11T11:20:53","guid":{"rendered":"https:\/\/evs-eu.org\/?page_id=2404"},"modified":"2024-03-18T12:24:36","modified_gmt":"2024-03-18T11:24:36","slug":"fulda-2024","status":"publish","type":"page","link":"https:\/\/evs-eu.org\/en\/congress\/fulda-2024\/","title":{"rendered":"Fulda 2024"},"content":{"rendered":"\n<h2 class=\"has-text-align-center wp-block-heading\">22. Kongress der Standesbeamtinnen und Standesbeamten Europas<br>\u201eFamilien- und Personenstandsrecht unter aktuellen Gesichtspunkten\u201c<\/h2>\n\n\n\n<h2 class=\"has-text-align-center wp-block-heading\">am 09. und 10 Mai 2024 in Fulda, Hotel Esperanto, <br>Esperantoplatz 1,<br>36037 Fulda, <a href=\"http:\/\/www.hotel-esperanto.de\" data-type=\"URL\" data-id=\"www.hotel-esperanto.de\" target=\"_blank\" rel=\"noreferrer noopener\">www.hotel-esperanto.de<\/a><\/h2>\n\n\n\n<p>Sehr geehrte Damen und Herren,<br>liebe Kolleginnen und Kollegen,<\/p>\n\n\n\n<p>der Bundesverband der Deutschen Standesbeamtinnen und Standesbeamten l\u00e4dt Sie recht herzlich zum 22. EVS-Kongress nach Fulda ein. Es ist uns eine besondere Freude, dass wir nach W\u00fcrzburg im Jahre 2004 und Kassel im Jahre 2015 den Kongress das dritte Mal ausrichten d\u00fcrfen.<\/p>\n\n\n\n<p>Alle Teilnehmer sind im Hotel Esperanto untergebracht. Die Ankunft der Teilnehmer ist f\u00fcr Mittwoch, den 08. Mai 2024 vorgesehen.<\/p>\n\n\n\n<p>Die Teilnehmergeb\u00fchr betr\u00e4gt 820, &#8211; \u20ac pro Person im Einzelzimmer. In diesem Betrag sind die Kosten f\u00fcr zwei \u00dcbernachtungen, Fr\u00fchst\u00fcck, die Teilnahme am Kongress, die Abendveranstaltung im Wert von 100, &#8211; \u20ac und der Ausflug enthalten. Die Kosten f\u00fcr die Begleitperson im Doppelzimmer betragen 410, &#8211; \u20ac.<\/p>\n\n\n\n<p>Neben der fachlichen Weiterbildung und dem Informationsaustausch sind bei den Kongressen immer die pers\u00f6nlichen Beziehungen und Freundschaften \u00fcber die Landesgrenzen hinaus sehr wichtig. Unser Ausflug zum \u201ePoint Alpha\u201c zeigt, dass wir mit dem EVS Grenzen \u00fcberwunden haben. Point Alpha soll uns daran erinnern, dass ein friedliches Zusammenleben in Europa nur durch pers\u00f6nliche Kontakte,<br>Freundschaften, gemeinsamen Interessen und St\u00e4rke erhalten werden kann. Frieden und Freundschaften sind kein Selbstl\u00e4ufer. Sie bed\u00fcrfen der st\u00e4ndigen Pflege und machen viel Arbeit.<\/p>\n\n\n\n<p>Der Ausflug wird uns ein St\u00fcck europ\u00e4ischer Geschichte zeigen. Die Gedenkst\u00e4tte Point Alpha ist ein authentischer Schauplatz des Kalten Krieges und ein einmaliges Zeugnis von vier Jahrzehnten Zeitgeschichte. Hier standen sich die Vorposten von NATO und Warschauer Pakt bis zum Jahr 1990 gegen\u00fcber. Der ehemalige \u201eObservation Post Alpha\u201c (kurz: Point Alpha) war einer der wichtigsten<br>Beobachtungsst\u00fctzpunkte der US-Streitkr\u00e4fte in Europa und einer der hei\u00dfesten Punkte im Kalten Krieg.<\/p>\n\n\n\n<p>Point Alpha pr\u00e4sentiert dieses St\u00fcck deutsch-deutscher und europ\u00e4ischer Geschichte sichtbar, erlebbar und begreifbar: die Konfrontation der beiden Machtbl\u00f6cke, den Aufbau der Grenzanlagen zwischen der Bundesrepublik und der DDR mit ihren Sicherungselementen, aber auch milit\u00e4rische Abl\u00e4ufe sowie das Leben an und mit der Grenze aus der Sicht der Bev\u00f6lkerung. <\/p>\n\n\n\n<p>Wir freuen uns auf ein Wiedersehen \u00fcber Grenzen hinweg.<br>Herzlich Willkommen in Fulda<\/p>\n\n\n\n<div class=\"wp-block-columns is-layout-flex wp-container-core-columns-is-layout-9d6595d7 wp-block-columns-is-layout-flex\">\n<div class=\"wp-block-column is-layout-flow wp-block-column-is-layout-flow\" style=\"flex-basis:25%\"><div class=\"wp-block-image\">\n<figure class=\"alignleft size-full is-resized\"><img loading=\"lazy\" decoding=\"async\" src=\"https:\/\/evs-eu.org\/wp-content\/uploads\/2024\/03\/unterschrift1.png\" alt=\"\" class=\"wp-image-2447\" width=\"183\" height=\"82\"\/><figcaption class=\"wp-element-caption\"><strong>Simon Rijsdijk<br>EVS Pr\u00e4sident <\/strong><\/figcaption><\/figure><\/div><\/div>\n\n\n\n<div class=\"wp-block-column is-layout-flow wp-block-column-is-layout-flow\" style=\"flex-basis:25%\"><div class=\"wp-block-image\">\n<figure class=\"alignleft size-full is-resized\"><img loading=\"lazy\" decoding=\"async\" src=\"https:\/\/evs-eu.org\/wp-content\/uploads\/2024\/03\/unterschrift2.png\" alt=\"\" class=\"wp-image-2450\" width=\"211\" height=\"81\" srcset=\"https:\/\/evs-eu.org\/wp-content\/uploads\/2024\/03\/unterschrift2.png 351w, https:\/\/evs-eu.org\/wp-content\/uploads\/2024\/03\/unterschrift2-300x115.png 300w\" sizes=\"auto, (max-width: 211px) 100vw, 211px\" \/><figcaption class=\"wp-element-caption\"><strong>Volker Weber<br>BDS Pr\u00e4sident<\/strong><\/figcaption><\/figure><\/div><\/div>\n<\/div>\n\n\n\n<p>Haben wir Ihr Interesse geweckt? W\u00fcrden Sie gerne teilnehmen? Dann senden sie uns eine Mail an <a href=\"mailto:beate.tripp@standesbeamte.de\">beate.tripp@standesbeamte.de<\/a> . Die Anmeldung erfolgt ausschlie\u00dflich elektronisch. Frau Tripp wird Ihnen den Anmeldelink \u00fcbersenden.<\/p>\n\n\n\n<h2 class=\"has-text-align-center wp-block-heading\">22. Kongress der Standesbeamtinnen und Standesbeamten Europas<br><em>22. Congress of the European Association of Registrars<\/em><\/h2>\n\n\n\n<p class=\"has-text-align-center\">Familien- und Personenstandsrecht unter aktuellen Gesichtspunkten<br><em>Family and personal status law from a current perspective<br><\/em>Programm und Ablaufplan<br><em>Program and schedule<\/em><\/p>\n\n\n\n<p>Mittwoch, 08. Mai 2024<br><em>Wednesday, 08th May 2024<\/em><\/p>\n\n\n\n<figure class=\"wp-block-table is-style-regular\"><table><tbody><tr><td><\/td><td>Ankunft der Teilnehmerinnen und Teilnehmer <br><em>Arrival of the participants<\/em><\/td><\/tr><tr><td>16.00<\/td><td>Mitgliederversammlung EVS <br><em>EVS general meeting<\/em><\/td><\/tr><tr><td>16.30<\/td><td>Fachbeirat EVS <em>EVS <\/em><br><em>board of experts<\/em><\/td><\/tr><tr><td>19.00<\/td><td>Abfahrt Bus f\u00fcr die Pr\u00e4sidenten<br><em>Departure bus for the presidents<\/em><\/td><\/tr><tr><td>19.30<\/td><td>Gemeinsames Abendessen der Teilnehmerinnen und Teilnehmer <em>Dinner together for the participants<\/em><\/td><\/tr><tr><td>19.30<\/td><td>Abendessen der Pr\u00e4sidenten im Hotel Haus der Standesbeamten <br><em>Presidents&#8217; dinner at the Hotel \u201eHaus der Standesbeamten\u201c<\/em><\/td><\/tr><tr><td>22.30<\/td><td>R\u00fcckfahrt zum Hotel Esperanto<br><em>Return to Hotel Esperanto<\/em><\/td><\/tr><\/tbody><\/table><\/figure>\n\n\n\n<p>Donnerstag, 09. Mai 2024 &#8211; erster Kongresstag<br><em>Thursday, 09th May 2024 \u2013 first day of the congress<\/em><\/p>\n\n\n\n<figure class=\"wp-block-table\"><table><tbody><tr><td>08.30<\/td><td>Registrierung der Teilnehmer <em>Registration of participants<\/em><\/td><\/tr><tr><td>09.00<\/td><td>Er\u00f6ffnung des Kongresses &#8211; Begr\u00fc\u00dfung durch den Pr\u00e4sidenten des Bundesverbandes der Deutschen Standesbeamtinnen und Standesbeamten Herrn Volker Weber &#8211; Begr\u00fc\u00dfung durch den Pr\u00e4sidenten des Europ\u00e4ischen Verbandes der Standesbeamtinnen und Standesbeamten Herrn Simon Rijsdijk <br><em>Opening of the congress<\/em> <em>&#8211; Welcome by the President of the Federal Association of German Registrars, Mr. Volker Weber<\/em> <em>&#8211; Welcome by the President of the European Association of Registrars, Mr. Simon Rijsdijk<\/em><\/td><\/tr><tr><td>10.00<\/td><td>Ein Blick auf Lettland<br>&#8211; Vorstellung der Association of Civil Registry Office &#8211; Ieva Mi\u0137\u012bte-Plusni\u0146a und Sandra Zu\u0161a Managerinnen der st\u00e4dt. Einrichtungen der Region Valmiera \u2013 Abteilung f\u00fcr Geburtenregister \u2013 <br><em>A look at Latvia<\/em> <em>Presentation of the Association of Civil Registry Office \u2013<\/em> <em>Ieva Mi\u0137\u012bte-Plusni\u0146a und Sandra Zu\u0161a<\/em> <em>Managers municipal institutions of Valmiera region<\/em> <em>&#8220;Department of Birth Registers of Valmiera County&#8221;<\/em><\/td><\/tr><tr><td>10.20<\/td><td>Internationale Leihmutterschaft<br>\u2013 Diskussionsstand in Deutschland \u2013 Prof. Dr. Konrad Duden, LL.M. (Cambridge) Universit\u00e4t Leipzig <br><em>International surrogacy<\/em> \u2013 <em>Status of discussion in Germany \u2013<\/em> <em>Prof. Dr. Konrad Duden, LL.M. (Cambridge) University of Leipzig<\/em><\/td><\/tr><tr><td>10.40<\/td><td>Pause <br><em>break<\/em><\/td><\/tr><tr><td>11.10<\/td><td>Neuigkeiten aus Estland Oksana Iin F\u00fchrende Spezialistin Registrator der Bev\u00f6lkerungsstatistik Tallinn; Vorstandsmitglied der estnischen Vereinigung der Standesbeamten <br><em>News from Estonia<\/em> <em>Oskana lin<\/em> <em>Leading specialist<\/em> <em>Registrar of Tallinn Vital Statistics Department,<\/em> <em>Board member of Estonian Association of Registrars<\/em><\/td><\/tr><tr><td>11.30<\/td><td>Co-Elternschaft und Leihmutterschaft \u2013 Situation in Italien \u2013 Dr. Renzo Calvigioni, Anusca Experte <br><em>Co-parenting and surrogacy \u2013 situation in Italy<\/em> <em>Dr. Renzo Calvigioni, Anusca expert<\/em><\/td><\/tr><tr><td>11.50<\/td><td>Mittagspause <br><em>Lunch break<\/em><\/td><\/tr><tr><td>14.00<\/td><td>Abfahrt Bus Point Alpha <br><em>Departure bus<\/em> <em>Point Alpha<\/em><\/td><\/tr><tr><td>18.00<\/td><td>R\u00fcckkehr in das Hotel <br><em>Return to the hotel<\/em><\/td><\/tr><tr><td>19.30<\/td><td>Abendveranstaltung <br><em>Evening Event<\/em><\/td><\/tr><\/tbody><\/table><\/figure>\n\n\n\n<p>Freitag, 10. Mai 2024 \u2013 zweiter Kongresstag<br><em>Friday, 10th Mai 2024 \u2013 second day of the congress<\/em><\/p>\n\n\n\n<figure class=\"wp-block-table\"><table><tbody><tr><td>09.30<\/td><td>Fortsetzung des Kongresses <br><em>Continuation of the congress<\/em><\/td><\/tr><tr><td>09.40<\/td><td>Slowenien zwischen einem liberalen Namensrecht und z\u00f6gerlichen Schritten bei der Anerkennung der verschiedenen Geschlechter Dr. Bojana Zadravec, Pr\u00e4sidentin des Verbandes der Verwaltungsangestellten Sloweniens, Dozentin an der Fakult\u00e4t Doba in Maribor <br><em>Slovenia between a liberal naming law and hesitant steps in recognizing the different genders<\/em> <em>Dr. Bojana Zadravec, President of the Association of Administrative Employees of Slovenia, lecturer at the Doba Faculty in Maribor<\/em><\/td><\/tr><tr><td>10.00<\/td><td>Leihmutterschaftsfragen und Namensrecht in Polen &#8211; Theorie und Praxis \u2013 Dr. hab. Michal Wojewoda Professor a.D. Universit\u00e4t Lodz <br><em>Surrogacy issues and naming law in Poland \u2013 theory and practice<\/em> <em>Dr. hab. Michal Wojewoda<\/em> <em>Professor a.D. Universit\u00e4t Lodz<\/em><\/td><\/tr><tr><td>10.20<\/td><td>Entscheidungen von Vater und Mutter &#8211; Situation in den Niederlanden &#8211; Eric Gubbels Standesbeamter Amsterdam; Vorsitzender des NVVB-Beratungsausschusses L\u00e9on Evers Mitglied des NVVB-Beratungsausschusses f\u00fcr pers\u00f6nliche Registrierung <br><em>Decisions made by father and mother<\/em> <em>Situation in the Netherlands \u2013<\/em> <em>Eric Gubbels<\/em> <em>Regsitrar of Amsterdam; Chairman of the NVVB-committee<\/em> <em>L\u00e9on Evers<\/em> <em>Member of the NVVB-committee for personal registration<\/em><\/td><\/tr><tr><td>10.40<\/td><td>Kindesnamensrecht \u2013 Reformen in Deutschland Caroline Richter, Standesamt Hamburg <br><em>Child naming rights \u2013 reforms in Germany<\/em> <em>Caroline Richter, registry office Hamburg<\/em><\/td><\/tr><tr><td>11.00<\/td><td>Pause <br>Break<\/td><\/tr><tr><td>11.30<\/td><td>Namensrecht der Slowakei Zuzana Kred\u00e1tusov\u00e1 Pr\u00e4sidentin des Verbandes der Standesbeamtinnen und Standesbeamten der Slowakischen Republik <br><em>Naming rights in Slovakia<\/em> <em>Zuzana Kredatusov\u00e1<\/em> <em>President of the Association of Registrars of the Slovak Republic<\/em><\/td><\/tr><tr><td>11.50<\/td><td>Co-Mutterschaft, Leihmutterschaft und Namensrecht in Belgien Thierry Meganck, Personenstandsexperte Stadt Antwerpen <br><em>Co-motherhood, surrogacy and naming rights in Belgium<\/em> <em>Thierry Meganck, Civil status expert City of Antwerp<\/em><\/td><\/tr><tr><td>12.10<\/td><td>Mittagspause <br><em>Lunch break<\/em><\/td><\/tr><tr><td>13.30<\/td><td>Mutterschaft in der Schweiz \u2013 Rechtliche Aspekte \u2013 Alexandra Rohrer Vizepr\u00e4sidentin des Schweizerischen Verbandes der Standesbeamten \u2013 Leiterin des Zivilstandesamtes des Kantons Waadt <br><em>Motherhood in Switzerland<\/em> <em>legal aspects &#8211;<\/em> <em>Alexandra Rohrer<\/em> <em>Vice-President of Swiss Association of Civil Officer Status, Head of the Civil Registry Office of the Canton of Vaud<\/em><\/td><\/tr><tr><td>13.50<\/td><td>Die portugiesischen Regeln zur Festlegung des Namens einer nat\u00fcrlichen Person Dr. Susana Monteiro Rechtsabteilung des Instituts f\u00fcr Register und Notare <br><em>The Portuguese rules for establishing a natural person`s name<\/em> <em>Dr. Susana Monteiro<\/em> <em>Institut of Registries and Notaries<\/em><\/td><\/tr><tr><td>14.10<\/td><td>Das Namensrecht des Kindes im bulgarischen Recht Dr. h.c. Ingo Endrick Lankau Rechtsanwalt u. Fachanwalt f\u00fcr Verwaltungsrecht, Notar a.D., Honorarkonsul der Republik Bulgariens <br><em>The child naming law in Bulgarian<\/em> <em>Dr. h.c. Ingo Endrick Lankau<\/em> <em>Lawyer and specialist lawyer for administrative law, retired notary, Honorary Consul of the Republic of Bulgaria<\/em><\/td><\/tr><tr><td>14.30<\/td><td>Das Geschlecht und die europ\u00e4ische Freiz\u00fcgigkeit Prof. em Dr. Dr. h.c. Dagmar Coester-Waltjen LL.M. (Univ. of Michigan ) Georg-August-Universit\u00e4t G\u00f6ttingen <br><em>Gender and unrestricted European mobility<\/em> <em>Prof. em Dr. Dr. h.c. Dagmar Coester-Waltjen<\/em> <em>LL.M. (Univ. of Michigan )<\/em><\/td><\/tr><tr><td>14.50<\/td><td>Ein Hauch von Europa &#8211; Die Umsetzung der EuGH -Rechtsprechung im deutschen Namensrecht \u2013 Heinz Zimmermann, Standesamt Berlin <br><em>A touch of Europe<\/em> <em>&#8211; The implementation of the case law of the European Court of Justice in German naming law \u2013<\/em> <em>Heinz Zimmermann, registry office Berlin<\/em><\/td><\/tr><tr><td>15.10<\/td><td>Pause <br><em>break<\/em><\/td><\/tr><tr><td>15.40<\/td><td>Vorstellung des 23. Kongresses 2025 <br><em>Presentation of the 23rd Congress 2025<\/em><\/td><\/tr><tr><td>16.00<\/td><td>Verabschiedung Vizepr\u00e4sident Steve Heylen, Belgien <br><em>Farewell Vice President Steve Heylen, Belgium<\/em><\/td><\/tr><tr><td>16.15<\/td><td>Ende des Kongresses und individuelle Abreise <br><em>End of the congress and individual departure<\/em><\/td><\/tr><\/tbody><\/table><\/figure>\n\n\n\n<p>\u00c4nderungen vorbehalten.<br><em>Subject to change.<\/em><\/p>\n\n\n\n<p>Anmeldungen sind nur m\u00f6glich f\u00fcr Mitglieder des Europ\u00e4ischen Verbandes der Standesbeamtinnen und Standesbeamten (EVS) oder Fachberater \u00fcber die Landesverb\u00e4nde.<\/p>\n\n\n\n<p><em>Registrations are only possible for members of the European Association of Registrars (EVS) or members of our regional associations.<\/em><\/p>\n","protected":false},"excerpt":{"rendered":"<p>22. Kongress der Standesbeamtinnen und Standesbeamten Europas\u201eFamilien- und Personenstandsrecht unter aktuellen Gesichtspunkten\u201c am 09. und 10 Mai 2024 in Fulda, Hotel Esperanto, Esperantoplatz 1,36037 Fulda, www.hotel-esperanto.de Sehr geehrte Damen und Herren,liebe Kolleginnen und Kollegen, der Bundesverband der Deutschen Standesbeamtinnen und Standesbeamten l\u00e4dt Sie recht herzlich zum 22. EVS-Kongress nach Fulda ein. Es ist uns eine [&hellip;]<\/p>\n","protected":false},"author":2,"featured_media":0,"parent":199,"menu_order":0,"comment_status":"closed","ping_status":"closed","template":"","meta":{"_acf_changed":false,"footnotes":""},"class_list":["post-2404","page","type-page","status-publish","hentry"],"acf":[],"_links":{"self":[{"href":"https:\/\/evs-eu.org\/en\/wp-json\/wp\/v2\/pages\/2404","targetHints":{"allow":["GET"]}}],"collection":[{"href":"https:\/\/evs-eu.org\/en\/wp-json\/wp\/v2\/pages"}],"about":[{"href":"https:\/\/evs-eu.org\/en\/wp-json\/wp\/v2\/types\/page"}],"author":[{"embeddable":true,"href":"https:\/\/evs-eu.org\/en\/wp-json\/wp\/v2\/users\/2"}],"replies":[{"embeddable":true,"href":"https:\/\/evs-eu.org\/en\/wp-json\/wp\/v2\/comments?post=2404"}],"version-history":[{"count":2,"href":"https:\/\/evs-eu.org\/en\/wp-json\/wp\/v2\/pages\/2404\/revisions"}],"predecessor-version":[{"id":2462,"href":"https:\/\/evs-eu.org\/en\/wp-json\/wp\/v2\/pages\/2404\/revisions\/2462"}],"up":[{"embeddable":true,"href":"https:\/\/evs-eu.org\/en\/wp-json\/wp\/v2\/pages\/199"}],"wp:attachment":[{"href":"https:\/\/evs-eu.org\/en\/wp-json\/wp\/v2\/media?parent=2404"}],"curies":[{"name":"wp","href":"https:\/\/api.w.org\/{rel}","templated":true}]}}