{"id":2640,"date":"2025-06-02T08:08:36","date_gmt":"2025-06-02T06:08:36","guid":{"rendered":"https:\/\/evs-eu.org\/?page_id=2640"},"modified":"2025-06-02T08:08:37","modified_gmt":"2025-06-02T06:08:37","slug":"erklaerung-von-rotterdam","status":"publish","type":"page","link":"https:\/\/evs-eu.org\/en\/erklaerung-von-rotterdam\/","title":{"rendered":"Erkl\u00e4rung von Rotterdam"},"content":{"rendered":"\n<p>Am 7. und 8. Mai 2025 fand in Rotterdam (NL) die EVS-Jubil\u00e4umstagung statt. Der Schwerpunkt dieses Kongresses lag auf der Bereitstellung von Dienstleistungen f\u00fcr die B\u00fcrger in Europa und der Frage, wie diese Dienstleistungen durch den digitalen Datenaustausch verbessert werden k\u00f6nnen.<\/p>\n\n\n\n<p>Der Kongress verabschiedete die folgenden Schlussfolgerungen:<\/p>\n\n\n\n<ol class=\"wp-block-list\">\n<li>Die Versorgung aller B\u00fcrgerinnen und B\u00fcrger mit Dienstleistungen erfolgt innerhalb Europas m\u00f6glichst einheitlich. Es werden nur Ausnahmen aufgrund nationaler Gesetze und Vorschriften akzeptiert.<\/li>\n\n\n\n<li>Der digitale Dokumentenaustausch zwischen den europ\u00e4ischen L\u00e4ndern \u2013 unabh\u00e4ngig von der Staatsangeh\u00f6rigkeit oder dem Wohnsitz der B\u00fcrger \u2013 muss m\u00f6glich sein. Seine Verwendung sollte gef\u00f6rdert werden.<\/li>\n\n\n\n<li>Die B\u00fcrger m\u00fcssen unmittelbaren Zugriff auf die Dokumente haben, die ihre Lebenssituation betreffen, und sie m\u00fcssen in der Lage sein, diese \u2013 im Rahmen der Gesetze und Vorschriften \u2013 selbstst\u00e4ndig zu verwalten.<\/li>\n\n\n\n<li>Innerhalb Europas ausgestellte Dokumente m\u00fcssen von allen Parteien akzeptiert werden; Es fallen keine b\u00fcrokratischen H\u00fcrden wie Legalisation, Apostille oder \u00dcbersetzungen an.<\/li>\n\n\n\n<li>Daher m\u00fcssen die Beh\u00f6rden in Europa in der Lage sein, die Richtigkeit von Dokumenten zu \u00fcberpr\u00fcfen, ohne den B\u00fcrger zu belasten<\/li>\n\n\n\n<li>Dokumente werden somit standardisiert und B\u00fcrger sowie Beh\u00f6rden haben Zugriff auf Beispiele dieser Dokumente.<\/li>\n<\/ol>\n\n\n\n<p>Die Teilnehmer bekunden ihren starken Wunsch, den Dialog zu diesen Themen fortzuf\u00fchren und es den lokalen, nationalen und supranationalen \u00f6ffentlichen Beh\u00f6rden zu erm\u00f6glichen, die Bereitstellung von Dienstleistungen f\u00fcr die B\u00fcrger in Europa zu verbessern und einen sicheren Datenaustausch zu gew\u00e4hrleisten.<\/p>\n\n\n\n<p>Rotterdam, 7. und 8. Mai 2025.<\/p>\n\n\n\n<p>Simon Rijsdijk&nbsp;&nbsp;&nbsp;&nbsp;&nbsp;&nbsp;&nbsp;&nbsp;&nbsp;&nbsp;&nbsp;&nbsp;&nbsp;&nbsp;&nbsp;&nbsp;&nbsp;&nbsp;&nbsp;&nbsp;&nbsp;&nbsp;&nbsp;&nbsp;&nbsp;&nbsp;&nbsp;&nbsp;&nbsp;&nbsp;&nbsp;&nbsp;&nbsp;&nbsp;&nbsp;&nbsp;&nbsp;&nbsp;&nbsp;&nbsp; &nbsp;Steve Heylen<\/p>\n\n\n\n<p>&nbsp;&nbsp;&nbsp;&nbsp;&nbsp;&nbsp;&nbsp;&nbsp;&nbsp;&nbsp;&nbsp;&nbsp;&nbsp;&nbsp;&nbsp;&nbsp;&nbsp;&nbsp;&nbsp;&nbsp;&nbsp;&nbsp;&nbsp;&nbsp;&nbsp;&nbsp;&nbsp;&nbsp;&nbsp;&nbsp;&nbsp;&nbsp;&nbsp;&nbsp;&nbsp;&nbsp; &nbsp;&nbsp;Pr\u00e4sident EVS &nbsp;&nbsp;&nbsp;&nbsp;&nbsp;&nbsp;&nbsp;&nbsp;&nbsp;&nbsp;&nbsp;&nbsp;&nbsp;&nbsp;&nbsp;&nbsp;&nbsp;&nbsp;&nbsp;&nbsp;&nbsp;&nbsp;&nbsp;&nbsp;&nbsp;&nbsp;&nbsp;&nbsp;&nbsp;&nbsp;&nbsp;&nbsp;&nbsp;&nbsp;&nbsp;&nbsp;&nbsp;Vizepr\u00e4sident EVS<\/p>\n","protected":false},"excerpt":{"rendered":"<p>Am 7. und 8. Mai 2025 fand in Rotterdam (NL) die EVS-Jubil\u00e4umstagung statt. Der Schwerpunkt dieses Kongresses lag auf der Bereitstellung von Dienstleistungen f\u00fcr die B\u00fcrger in Europa und der Frage, wie diese Dienstleistungen durch den digitalen Datenaustausch verbessert werden k\u00f6nnen. Der Kongress verabschiedete die folgenden Schlussfolgerungen: Die Teilnehmer bekunden ihren starken Wunsch, den Dialog [&hellip;]<\/p>\n","protected":false},"author":2,"featured_media":0,"parent":0,"menu_order":0,"comment_status":"closed","ping_status":"closed","template":"","meta":{"_acf_changed":false,"footnotes":""},"class_list":["post-2640","page","type-page","status-publish","hentry"],"acf":[],"_links":{"self":[{"href":"https:\/\/evs-eu.org\/en\/wp-json\/wp\/v2\/pages\/2640","targetHints":{"allow":["GET"]}}],"collection":[{"href":"https:\/\/evs-eu.org\/en\/wp-json\/wp\/v2\/pages"}],"about":[{"href":"https:\/\/evs-eu.org\/en\/wp-json\/wp\/v2\/types\/page"}],"author":[{"embeddable":true,"href":"https:\/\/evs-eu.org\/en\/wp-json\/wp\/v2\/users\/2"}],"replies":[{"embeddable":true,"href":"https:\/\/evs-eu.org\/en\/wp-json\/wp\/v2\/comments?post=2640"}],"version-history":[{"count":1,"href":"https:\/\/evs-eu.org\/en\/wp-json\/wp\/v2\/pages\/2640\/revisions"}],"predecessor-version":[{"id":2641,"href":"https:\/\/evs-eu.org\/en\/wp-json\/wp\/v2\/pages\/2640\/revisions\/2641"}],"wp:attachment":[{"href":"https:\/\/evs-eu.org\/en\/wp-json\/wp\/v2\/media?parent=2640"}],"curies":[{"name":"wp","href":"https:\/\/api.w.org\/{rel}","templated":true}]}}