{"id":495,"date":"2015-09-02T13:35:39","date_gmt":"2015-09-02T11:35:39","guid":{"rendered":"http:\/\/evs-eu.org\/en\/?page_id=495"},"modified":"2025-08-22T12:44:33","modified_gmt":"2025-08-22T10:44:33","slug":"deutschland-bds","status":"publish","type":"page","link":"https:\/\/evs-eu.org\/en\/members\/deutschland-bds\/","title":{"rendered":"Deutschland &#8211; Bundesverband der Deutschen Standesbeamtinnen und Standesbeamten e.V. (BDS)"},"content":{"rendered":"\n<figure class=\"wp-block-image size-full is-resized\"><img loading=\"lazy\" decoding=\"async\" width=\"463\" height=\"68\" src=\"https:\/\/evs-eu.org\/wp-content\/uploads\/2025\/08\/logo-bds-ev.png\" alt=\"\" class=\"wp-image-2686\" style=\"width:592px;height:auto\" srcset=\"https:\/\/evs-eu.org\/wp-content\/uploads\/2025\/08\/logo-bds-ev.png 463w, https:\/\/evs-eu.org\/wp-content\/uploads\/2025\/08\/logo-bds-ev-300x44.png 300w\" sizes=\"auto, (max-width: 463px) 100vw, 463px\" \/><\/figure>\n\n\n\n<h2 class=\"wp-block-heading\"><strong>Gr\u00fcndung, Entwicklung<\/strong><\/h2>\n\n\n\n<p>Der Bundesverband der Deutschen Standesbeamtinnen und Standesbeamten e. V. (BDS) wurde am 11. August 1920 in Kassel unter dem Namen \u201eReichsverband der Standesbeamten Deutschlands\u201c gegr\u00fcndet.<\/p>\n\n\n\n<p>Damit ist er seit \u00fcber 100 Jahren die zentrale Interessenvertretung der Standesbeamtinnen und Standesbeamten in Deutschland. Der BDS ist Dachverband der 17 Landesfachverb\u00e4nde.<\/p>\n\n\n\n<h2 class=\"wp-block-heading\"><strong>Auftrag \/ Ziel<\/strong><\/h2>\n\n\n\n<p>Die Hauptaufgabe des Bundesverbandes der Deutschen Standesbeamtinnen und Standesbeamten e. V. (BDS) ist die Aus- und Fortbildung sowie die F\u00f6rderung des fachlichen Erfahrungsaustauschs der Standesbeamtinnen und Standesbeamten, der weiteren Mitarbeiterinnen und Mitarbeiter in den Standes\u00e4mtern sowie der Besch\u00e4ftigten in den Aufsichtsbeh\u00f6rden.<\/p>\n\n\n\n<p>Hierzu unterh\u00e4lt der Verband an seinem Sitz in Bad Salzschlirf die Akademie f\u00fcr Personenstandswesen \u2013 vorrangig f\u00fcr Standesbeamtinnen und Standesbeamte \u2013 sowie die Akademie f\u00fcr Staatsangeh\u00f6rigkeitsrecht und Meldewesen f\u00fcr die in diesen Bereichen Besch\u00e4ftigten. Er b\u00fcndelt die Interessen der Standesbeamtinnen und Standesbeamten in Deutschland auf Bundesebene und sorgt f\u00fcr die Koordination zwischen den regionalen Strukturen.<\/p>\n\n\n\n<h3 class=\"wp-block-heading\"><strong>europ\u00e4ische Zusammenarbeit<\/strong><\/h3>\n\n\n\n<ul class=\"wp-block-list\">\n<li>Austausch mit europ\u00e4ischen Partnerverb\u00e4nden und Netzwerken<\/li>\n\n\n\n<li>Mitwirkung in Gremien; fachliche Stellungnahmen zu EU-Vorhaben<\/li>\n\n\n\n<li>Best-Practice-Transfer und gemeinsame Standards<\/li>\n\n\n\n<li>Harmonisierung grenz\u00fcberschreitender Verfahren (z. B. Personenstand, Melderecht)<\/li>\n<\/ul>\n\n\n\n<h2 class=\"wp-block-heading\"><strong>Struktur<\/strong><\/h2>\n\n\n\n<figure class=\"wp-block-image size-large is-resized\"><img loading=\"lazy\" decoding=\"async\" width=\"1024\" height=\"683\" src=\"https:\/\/evs-eu.org\/wp-content\/uploads\/2025\/08\/2025-Praesident-Weber-1024x683.jpg\" alt=\"\" class=\"wp-image-2663\" style=\"width:550px\" srcset=\"https:\/\/evs-eu.org\/wp-content\/uploads\/2025\/08\/2025-Praesident-Weber-1024x683.jpg 1024w, https:\/\/evs-eu.org\/wp-content\/uploads\/2025\/08\/2025-Praesident-Weber-300x200.jpg 300w, https:\/\/evs-eu.org\/wp-content\/uploads\/2025\/08\/2025-Praesident-Weber-768x512.jpg 768w, https:\/\/evs-eu.org\/wp-content\/uploads\/2025\/08\/2025-Praesident-Weber-1536x1024.jpg 1536w, https:\/\/evs-eu.org\/wp-content\/uploads\/2025\/08\/2025-Praesident-Weber-2048x1365.jpg 2048w, https:\/\/evs-eu.org\/wp-content\/uploads\/2025\/08\/2025-Praesident-Weber-204x136.jpg 204w\" sizes=\"auto, (max-width: 1024px) 100vw, 1024px\" \/><figcaption class=\"wp-element-caption\"><strong>Pr\u00e4sident Volker Weber<br><\/strong><a href=\"https:\/\/www.standesbeamte.de\/bds\/praesident-ehrenpraesident\/\">https:\/\/www.standesbeamte.de\/bds\/praesident-ehrenpraesident\/<\/a><\/figcaption><\/figure>\n\n\n\n<h3 class=\"wp-block-heading\"><strong>17 Landesfachverb\u00e4nde (Mitgliederversammlung)<\/strong><\/h3>\n\n\n\n<p><a href=\"https:\/\/www.standesbeamte.de\/bds\/landesverbaende\/\">https:\/\/www.standesbeamte.de\/bds\/landesverbaende\/<\/a><\/p>\n\n\n\n<h3 class=\"wp-block-heading\"><strong>Gesch\u00e4ftsleitung (Ansprechpersonen)<\/strong><\/h3>\n\n\n\n<figure class=\"wp-block-image size-large is-resized\"><img loading=\"lazy\" decoding=\"async\" width=\"1024\" height=\"683\" src=\"https:\/\/evs-eu.org\/wp-content\/uploads\/2025\/08\/BDS_2024-Fr.-Gaertner-1024x683.jpg\" alt=\"\" class=\"wp-image-2665\" style=\"width:550px\" srcset=\"https:\/\/evs-eu.org\/wp-content\/uploads\/2025\/08\/BDS_2024-Fr.-Gaertner-1024x683.jpg 1024w, https:\/\/evs-eu.org\/wp-content\/uploads\/2025\/08\/BDS_2024-Fr.-Gaertner-300x200.jpg 300w, https:\/\/evs-eu.org\/wp-content\/uploads\/2025\/08\/BDS_2024-Fr.-Gaertner-768x512.jpg 768w, https:\/\/evs-eu.org\/wp-content\/uploads\/2025\/08\/BDS_2024-Fr.-Gaertner-1536x1024.jpg 1536w, https:\/\/evs-eu.org\/wp-content\/uploads\/2025\/08\/BDS_2024-Fr.-Gaertner-2048x1365.jpg 2048w, https:\/\/evs-eu.org\/wp-content\/uploads\/2025\/08\/BDS_2024-Fr.-Gaertner-204x136.jpg 204w\" sizes=\"auto, (max-width: 1024px) 100vw, 1024px\" \/><figcaption class=\"wp-element-caption\"><strong>Ina G\u00e4rtner, Gesch\u00e4ftsf\u00fchrerin<br><\/strong><a href=\"https:\/\/www.standesbeamte.de\/bds\/geschaeftsleitung\/\" data-type=\"link\" data-id=\"https:\/\/www.standesbeamte.de\/bds\/geschaeftsleitung\/\">https:\/\/www.standesbeamte.de\/bds\/geschaeftsleitung\/<\/a><\/figcaption><\/figure>\n\n\n\n<figure class=\"wp-block-image size-large is-resized\"><img loading=\"lazy\" decoding=\"async\" width=\"1024\" height=\"683\" src=\"https:\/\/evs-eu.org\/wp-content\/uploads\/2025\/08\/BDS_2025-Fr.-Tripp-1-1024x683.jpg\" alt=\"\" class=\"wp-image-2669\" style=\"width:550px;height:auto\" srcset=\"https:\/\/evs-eu.org\/wp-content\/uploads\/2025\/08\/BDS_2025-Fr.-Tripp-1-1024x683.jpg 1024w, https:\/\/evs-eu.org\/wp-content\/uploads\/2025\/08\/BDS_2025-Fr.-Tripp-1-300x200.jpg 300w, https:\/\/evs-eu.org\/wp-content\/uploads\/2025\/08\/BDS_2025-Fr.-Tripp-1-768x512.jpg 768w, https:\/\/evs-eu.org\/wp-content\/uploads\/2025\/08\/BDS_2025-Fr.-Tripp-1-1536x1024.jpg 1536w, https:\/\/evs-eu.org\/wp-content\/uploads\/2025\/08\/BDS_2025-Fr.-Tripp-1-2048x1365.jpg 2048w, https:\/\/evs-eu.org\/wp-content\/uploads\/2025\/08\/BDS_2025-Fr.-Tripp-1-204x136.jpg 204w\" sizes=\"auto, (max-width: 1024px) 100vw, 1024px\" \/><figcaption class=\"wp-element-caption\"><strong>Beate Tripp, stellv. Gesch\u00e4ftsf\u00fchrerin und Studienleiterin<br><\/strong><a href=\"https:\/\/www.standesbeamte.de\/bds\/geschaeftsleitung\/\" data-type=\"link\" data-id=\"https:\/\/www.standesbeamte.de\/bds\/geschaeftsleitung\/\">https:\/\/www.standesbeamte.de\/bds\/geschaeftsleitung\/<\/a><\/figcaption><\/figure>\n\n\n\n<h2 class=\"wp-block-heading\"><strong>Die Akademie f\u00fcr Personenstandswesen und die Akademie f\u00fcr Staatsangeh\u00f6rigkeitsrecht und Meldewesen<\/strong><\/h2>\n\n\n\n<p><a href=\"https:\/\/www.standesbeamte.de\/akademie-personenstandswesen\/akademie\/geschaeftsfuehrungstudienleitung\/\">https:\/\/www.standesbeamte.de\/akademie-personenstandswesen\/akademie\/geschaeftsfuehrungstudienleitung\/<\/a><\/p>\n\n\n\n<p><a href=\"https:\/\/www.standesbeamte.de\/akademie-staatsangehoerigkeit-meldewesen\/akademie\/geschaeftsfuehrungstudienleitung\/\">https:\/\/www.standesbeamte.de\/akademie-staatsangehoerigkeit-meldewesen\/akademie\/geschaeftsfuehrungstudienleitung\/<\/a><\/p>\n\n\n\n<h2 class=\"wp-block-heading\"><strong>Kontakt<\/strong><\/h2>\n\n\n\n<p>Bundesverband der Deutschen Standesbeamtinnen und Standesbeamten e.V. (BDS)<br>Akademie f\u00fcr Personenstandswesen<br>Akademie f\u00fcr Staatsangeh\u00f6rigkeitsrecht und Meldewesen<\/p>\n\n\n\n<p>Bahnhofstra\u00dfe 14<br>36364 Bad Salzschlirf<\/p>\n\n\n\n<p><strong>Telefon +49 6648 93140<\/strong><\/p>\n\n\n\n<p><strong><a href=\"mailto:ina.gaertner@standesbeamte.de\">info@standesbeamte.de<\/a><\/strong><br><strong><a href=\"http:\/\/www.standesbeamte.de\/\">www.standesbeamte.de<\/a><\/strong><\/p>\n\n\n\n<p><\/p>\n","protected":false},"excerpt":{"rendered":"<p>Gr\u00fcndung, Entwicklung Der Bundesverband der Deutschen Standesbeamtinnen und Standesbeamten e. V. (BDS) wurde am 11. August 1920 in Kassel unter dem Namen \u201eReichsverband der Standesbeamten Deutschlands\u201c gegr\u00fcndet. Damit ist er seit \u00fcber 100 Jahren die zentrale Interessenvertretung der Standesbeamtinnen und Standesbeamten in Deutschland. Der BDS ist Dachverband der 17 Landesfachverb\u00e4nde. Auftrag \/ Ziel Die Hauptaufgabe [&hellip;]<\/p>\n","protected":false},"author":2,"featured_media":0,"parent":201,"menu_order":0,"comment_status":"closed","ping_status":"closed","template":"","meta":{"_acf_changed":false,"footnotes":""},"class_list":["post-495","page","type-page","status-publish","hentry"],"acf":[],"_links":{"self":[{"href":"https:\/\/evs-eu.org\/en\/wp-json\/wp\/v2\/pages\/495","targetHints":{"allow":["GET"]}}],"collection":[{"href":"https:\/\/evs-eu.org\/en\/wp-json\/wp\/v2\/pages"}],"about":[{"href":"https:\/\/evs-eu.org\/en\/wp-json\/wp\/v2\/types\/page"}],"author":[{"embeddable":true,"href":"https:\/\/evs-eu.org\/en\/wp-json\/wp\/v2\/users\/2"}],"replies":[{"embeddable":true,"href":"https:\/\/evs-eu.org\/en\/wp-json\/wp\/v2\/comments?post=495"}],"version-history":[{"count":33,"href":"https:\/\/evs-eu.org\/en\/wp-json\/wp\/v2\/pages\/495\/revisions"}],"predecessor-version":[{"id":2698,"href":"https:\/\/evs-eu.org\/en\/wp-json\/wp\/v2\/pages\/495\/revisions\/2698"}],"up":[{"embeddable":true,"href":"https:\/\/evs-eu.org\/en\/wp-json\/wp\/v2\/pages\/201"}],"wp:attachment":[{"href":"https:\/\/evs-eu.org\/en\/wp-json\/wp\/v2\/media?parent=495"}],"curies":[{"name":"wp","href":"https:\/\/api.w.org\/{rel}","templated":true}]}}