{"id":508,"date":"2015-09-02T14:54:47","date_gmt":"2015-09-02T12:54:47","guid":{"rendered":"http:\/\/evs-eu.org\/en\/?page_id=508"},"modified":"2025-07-09T10:19:47","modified_gmt":"2025-07-09T08:19:47","slug":"italien-anusca","status":"publish","type":"page","link":"https:\/\/evs-eu.org\/en\/members\/italien-anusca\/","title":{"rendered":"Italien Anusca"},"content":{"rendered":"<p><a href=\"http:\/\/evs-eu.org\/wp-content\/uploads\/2015\/09\/img4.jpg\"><img loading=\"lazy\" decoding=\"async\" class=\"alignnone size-full wp-image-504\" src=\"http:\/\/evs-eu.org\/wp-content\/uploads\/2015\/09\/img4.jpg\" alt=\"img\" width=\"70\" height=\"71\" \/><\/a>\u00a0 \u00a0 \u00a0 \u00a0 \u00a0<strong>\u00a0Italien Anusca<\/strong><\/p>\n<p>A.N.U.S.C.A (Associazione Nazionale Ufficiali di Stato Civile e d\u2019Anagrafe) wurde im Jahre 1980 in Castel San Pietro Terme (Italien) gegr\u00fcndet. Der Verein verfolgt den Zweck als Bindeglied zwischen den Beamten im Melde- und Standesamt zu den vorgesetzten Institutionen zu dienen und dar\u00fcber hinaus eine Reihe von Weiterbildungsma\u00dfnahmen anzubieten.<\/p>\n<p>Mitglieder des Verbandes sind 4.814 Gemeinden, die 86% der italienischen Bev\u00f6lkerung entsprechen, sowie 7.830 Beamten (Stand: 2018).<\/p>\n<p>Durch Dekret des Innenministeriums vom 19. Juli 1999 wurde ANUSCA als gemeinn\u00fctzige K\u00f6rperschaft anerkannt.<\/p>\n<p>Zusammen mit den Nationalverb\u00e4nden aus Deutschland, den Niederlanden, \u00d6sterreich und Polen hat Anusca am 19. Mai 2000 den Europ\u00e4ischen Verband der Standesbeamtinnen und Standesbeamten (EVS) gegr\u00fcndet, zu welchem aktuell\u00a0 zehn L\u00e4nder geh\u00f6ren<\/p>\n<p>Mit dem Gesetz Nr. 26 vom 28. Februar 2001 hat ANUSCA von Seiten des Staates einen Sonderauftrag f\u00fcr den Bau der Akademie der Standes-, Melde- und Wahlamtsbeamten erhalten.<\/p>\n<p>Heute besteht die Akademie aus drei Geb\u00e4uden. Im ersten Geb\u00e4ude befinden sich die B\u00fcros und die Lehrr\u00e4ume und im zweiten das Hotel Anusca Palace. Vor kurzem wurde der dritte Komplex fertiggestellt. Dort wurde Platz f\u00fcr ein Restaurant, einen Wellnessbereich sowie verschiedene weitere R\u00e4ume geschaffen. Somit ist die Akademie ein Ausbildungscampus geworden, der von ANUSCA als Sitz f\u00fcr ein dauerhaftes Weiterbildungsinstitut genutzt werden kann.<\/p>\n<p>Seit Jahren steht Anusca in engem Kontakt zu anderen Verb\u00e4nden auf internationaler Ebene. Zus\u00e4tzlich zu seiner Rolle als Mitgr\u00fcnder des EVS hat der Verband erfolgreiche Erfahrungsaustausche mit Ministerien f\u00fcr Inneres verschiedener L\u00e4nder, wie zum Beispiel \u00d6sterreich, Belgien, Ungarn und Slowenien, angesto\u00dfen.<\/p>\n<p>2008 hat Anusca der EU ein Projekt f\u00fcr den elektronischen Austausch der Personenstandsurkunden vorgelegt (ERCN-European Civil Registry Network), welches die beste Bewertung von der Europ\u00e4ischen Kommission erhielt. Das Projekt wurde bis 2011 verl\u00e4ngert, um es mit dem Projekt STORK zu koordinieren. Bei deren Ausf\u00fchrung wurden die Verwaltungen von sechs verschiedenen europ\u00e4ischen L\u00e4ndern involviert und zwar Belgien, Deutschland, die Niederlande, Rum\u00e4nien, Slowenien und Italien.<\/p>\n<p>ANUSCA veranstaltet j\u00e4hrlich Dutzende von Tagungen auf Regional- und Bezirksebene, sowie einen Nationalkongress \u00fcber die Thematiken, die das Fachgebiet betreffen und an welchem Tausenden von Verwaltern und Bediensteten teilnehmen.<\/p>\n<p>2018 wurden 417 Veranstaltungen organisiert f\u00fcr insgesamt 18.500 Teilnehmer.<\/p>\n<p>Vom 3. bis zum 7. Dezember 2018 hat in Abano Terme (Padua) der\u00a0 XXXVIII Nationalkongress des Verbandes stattgefunden, bei welchem \u00fcber das Zentrale Melderegister (welchem 1.635 Gemeindeverwaltungen f\u00fcr eine Bev\u00f6lkerungsanzahl von 18.594.726\u00a0 Bewohner, angeschlossen sind), den neuen elektronischen Personalausweis, die Patientenverf\u00fcgungen, das internationale Familienrecht und die Dauerz\u00e4hlung der Bev\u00f6lkerung diskutiert wurde.<\/p>\n<p>Der Verband gibt monatlich das Blatt \u201eNotiziario Anusca\u201c und das dreimonatliche Blatt \u201eAnusca informa\u201c heraus und ist im Internet mit seiner Webseite <a href=\"http:\/\/www.anusca.it\">www.anusca.it<\/a> pr\u00e4sent. Ferner ist er auf verschiedene soziale Netze vertreten. Au\u00dferdem wird das Informationsangebot durch das zweiw\u00f6chigen E-Paper ANUSCALetter und durch die Newsletter-Ausgabe ANUSCAFlash erg\u00e4nzt.<\/p>\n<p>Anusca &#8211; Associazione Nazionali Ufficiali di Stato Civile ed Anagrafe Via dei Mille 35\/e-f &#8211; 40024 Castel San Pietro Terme (BO) Tel. ++39 051 944 268 Fax ++39 051 944 183 <a href=\"http:\/\/www.anusca.it\" target=\"_blank\" rel=\"noopener\">www.anusca.it<\/a> e-mail: <a href=\"mailto:segreteria@anusca.it\">segreteria@anusca.it<\/a><\/p>\n<p>Pr\u00e4sident: Renzo Calvigioni<\/p>\n","protected":false},"excerpt":{"rendered":"<p>\u00a0 \u00a0 \u00a0 \u00a0 \u00a0\u00a0Italien Anusca A.N.U.S.C.A (Associazione Nazionale Ufficiali di Stato Civile e d\u2019Anagrafe) wurde im Jahre 1980 in Castel San Pietro Terme (Italien) gegr\u00fcndet. Der Verein verfolgt den Zweck als Bindeglied zwischen den Beamten im Melde- und Standesamt zu den vorgesetzten Institutionen zu dienen und dar\u00fcber hinaus eine Reihe von Weiterbildungsma\u00dfnahmen anzubieten. Mitglieder [&hellip;]<\/p>\n","protected":false},"author":2,"featured_media":0,"parent":201,"menu_order":0,"comment_status":"closed","ping_status":"closed","template":"","meta":{"_acf_changed":false,"footnotes":""},"class_list":["post-508","page","type-page","status-publish","hentry"],"acf":[],"_links":{"self":[{"href":"https:\/\/evs-eu.org\/en\/wp-json\/wp\/v2\/pages\/508","targetHints":{"allow":["GET"]}}],"collection":[{"href":"https:\/\/evs-eu.org\/en\/wp-json\/wp\/v2\/pages"}],"about":[{"href":"https:\/\/evs-eu.org\/en\/wp-json\/wp\/v2\/types\/page"}],"author":[{"embeddable":true,"href":"https:\/\/evs-eu.org\/en\/wp-json\/wp\/v2\/users\/2"}],"replies":[{"embeddable":true,"href":"https:\/\/evs-eu.org\/en\/wp-json\/wp\/v2\/comments?post=508"}],"version-history":[{"count":10,"href":"https:\/\/evs-eu.org\/en\/wp-json\/wp\/v2\/pages\/508\/revisions"}],"predecessor-version":[{"id":2650,"href":"https:\/\/evs-eu.org\/en\/wp-json\/wp\/v2\/pages\/508\/revisions\/2650"}],"up":[{"embeddable":true,"href":"https:\/\/evs-eu.org\/en\/wp-json\/wp\/v2\/pages\/201"}],"wp:attachment":[{"href":"https:\/\/evs-eu.org\/en\/wp-json\/wp\/v2\/media?parent=508"}],"curies":[{"name":"wp","href":"https:\/\/api.w.org\/{rel}","templated":true}]}}