{"id":547,"date":"2015-09-02T16:01:50","date_gmt":"2015-09-02T14:01:50","guid":{"rendered":"http:\/\/evs-eu.org\/en\/?page_id=547"},"modified":"2015-09-02T17:26:26","modified_gmt":"2015-09-02T15:26:26","slug":"verband-der-standesbeamten-der-republik-polen-susc-rp","status":"publish","type":"page","link":"https:\/\/evs-eu.org\/en\/members\/verband-der-standesbeamten-der-republik-polen-susc-rp\/","title":{"rendered":"Verband der Standesbeamten der Republik Polen (SUSC RP)"},"content":{"rendered":"<p><strong>Verband der Standesbeamten der Republik Polen (SUSC RP)<\/strong><\/p>\n<p>&nbsp;<\/p>\n<p><strong>Historie<\/strong><\/p>\n<p>Die Initiative, einen Verband der polnischen Standesbeamten zu gr\u00fcnden, wurde im Jahre 1992 ergriffen. Nach mehrere Monate dauernden Konsultationen und Vorbereitungsma\u00dfnahmen wurde ein aus 25 Standesbeamten der gr\u00f6\u00dften polnischen St\u00e4dten bestehendes Gr\u00fcndungskomitee gebildet, das die Satzung des Verbandes erstellt und den Verband am 17. September 1993 beim Landesgerichtsregister eintragen lie\u00df.<br \/>\nDie Gr\u00fcndungsversammlung fand am 11. Januar 1994 in Lodz statt. Als Verbandspr\u00e4sident in der ersten Wahlperiode (1994 &#8211; 1998) wurde Herr Adek Kotula (StA Lodz) gew\u00e4hlt. Die Pr\u00e4sidenten der n\u00e4chsten Wahlperioden waren:<br \/>\n2. Wahlperiode (1998 &#8211; 2002) &#8211; Krzysztof Szczepanek (StA Zgierz)<br \/>\n3. Wahlperiode (2002 &#8211; 2004) &#8211; Tomasz Brz\u00f3zka (StA Zielona G\u00f3ra)<br \/>\n4. Wahlperiode (seit 2004) &#8211; Tomasz Brz\u00f3zka (StA Zielona G\u00f3ra)<\/p>\n<p>&nbsp;<\/p>\n<p><strong>Hauptziele<\/strong><\/p>\n<p>Die statutarischen Hauptziele des Verbandes der Standesbeamten der Republik Polen sind:<br \/>\n\u2022 berufliche Weiterbildung der Standesbeamten;<br \/>\n\u2022 herausgeberische T\u00e4tigkeit im Bereich der Nachschlagewerke f\u00fcr Standesbeamte;<br \/>\n\u2022 Zusammenarbeit mit dem Justizministerium und dem Innenministerium bei den \u00c4nderungen und Aktualisierungen der geltenden Vorschriften des Familien- und Personenstandsrechts sowie der entsprechenden Einf\u00fchrungsvorschriften;<br \/>\n\u2022 kollegiale Selbsthilfe unter Verbandsmitgliedern.<br \/>\nDas h\u00f6chste Organ des Verbandes ist die Versammlung der Delegierten, die vierj\u00e4hrlich einberufen wird. In der Zeit zwischen den Versammlungen wird die T\u00e4tigkeit des Verbandes durch die in der Versammlung gew\u00e4hlten Organe geleitet. Zu diesen Organen geh\u00f6ren:<br \/>\n1. Hauptvorstand mit dem Pr\u00e4sidenten, zwei Vizepr\u00e4sidenten, einem Schriftf\u00fchrer, einem Kassenf\u00fchrer und 4 Beisitzern.<br \/>\n2. Rechnungspr\u00fcfungsausschuss mit dem Vorsitzenden, seinem Vertreter und 3 Beisitzern.<br \/>\nSchiedsgericht mit dem Vorsitzenden und 4 Beisitzern.<br \/>\n3. Im Verband werden keine hauptamtlichen Mitarbeiter besch\u00e4ftigt. Alle Funktionen werden ehrenamtlich \u00fcbernommen.<br \/>\nDie letzte Versammlung der Delegierten fand am 24. September 2006 in Mszczon\u00f3w statt. F\u00fcr die 4. Wahlperiode wurde der folgende Hauptvorstand gew\u00e4hlt.<br \/>\n1. Pr\u00e4sident &#8211; Tomasz Brz\u00f3zka &#8211; StA Zielona G\u00f3ra<br \/>\n2. 1. Vizepr\u00e4sident &#8211; Henryk Chwyc &#8211; StA Lublin<br \/>\n3. 2. Vizepr\u00e4sident &#8211; Aneta Papis &#8211; StA L\u00f3dz-Centrum<br \/>\n4. Schriftf\u00fchrer &#8211; Elzbieta Kaczmarek &#8211; StA Zielona G\u00f3ra<br \/>\n5. Kassenf\u00fchrer &#8211; Witold Lewicki &#8211; StA Olsztyn<br \/>\n6. Beisitzer &#8211; Danuta Sorbian &#8211; StA Warszawa<br \/>\n7. Beisitzer &#8211; Boguslawa Mielcarek &#8211; StA Koszalin<br \/>\n8. Beisitzer &#8211; Danuta Barwicka &#8211; StA Radom<br \/>\n9. Beisitzer &#8211; Dariusz Sawicki &#8211; StA Swiebodzin1. Pr\u00e4sident &#8211; Tomasz Brz\u00f3zka &#8211; StA Zielona G\u00f3ra<br \/>\n10. 1. Vizepr\u00e4sident &#8211; Henryk Chwyc &#8211; StA Lublin<br \/>\n11. 2. Vizepr\u00e4sident &#8211; Aneta Papis &#8211; StA L\u00f3dz-Centrum<br \/>\n12. Schriftf\u00fchrer &#8211; Elzbieta Kaczmarek &#8211; StA Zielona G\u00f3ra<br \/>\n13. Kassenf\u00fchrer &#8211; Witold Lewicki &#8211; StA Olsztyn<br \/>\n14. Beisitzer &#8211; Danuta Sorbian &#8211; StA Warszawa<br \/>\n15. Beisitzer &#8211; Boguslawa Mielcarek &#8211; StA Koszalin<br \/>\n16. Beisitzer &#8211; Danuta Barwicka &#8211; StA Radom<br \/>\n17. Beisitzer &#8211; Dariusz Sawicki &#8211; StA Swiebodzin<\/p>\n<p>&nbsp;<\/p>\n<p><strong>Kontaktstelle<\/strong><\/p>\n<p>Stowarzyszenie Urzednik\u00f3w Stanu<br \/>\nCywilnego RP<br \/>\nZarzad Gl\u00f3wny<br \/>\nul. Stary Rynek 1<br \/>\n65-067 Zielona G\u00f3ra<br \/>\nTel.\/Fax +04968 324 77 81<br \/>\nE-Mail: <a href=\"mailto:t.brzozka@um.zielona-gora.pl\">t.brzozka@um.zielona-gora.pl<\/a><br \/>\nDer polnische Verband z\u00e4hlt 1861 Mitglieder in 12 Regionalverb\u00e4nden.<\/p>\n<p>&nbsp;<\/p>\n<p><strong>Stowarzyszenie Urzednik\u00f3w Stanu Cywilnego Rzeczypospolitej Polskiej<\/strong><\/p>\n<p>Inicjatywa powolania Stowarzyszenia Urzednik\u00f3w Stanu Cywilnego Rzeczypospolitej Polskiej zrodzila sie w 1992 r. Po wielomiesiecznych konsultacjach i dzialaniach przygotowawczych Komitet Zalozycielski skladajacy sie z 25 kierownik\u00f3w USC najwiekszych polskich miast opracowal statut i ostatecznie zarejestrowal w dniu 17 wrzesnia 1993 r. Stowarzyszenie w Krajowym Rejestrze Sadowym.<br \/>\nZjazd zalozycielski, na kt\u00f3rym wybrano wladze SUSC RP odbyl sie w Lodzi &#8211; 11 stycznia 1994 r. Prezesem Zarzadu Gl\u00f3wnego na I kadencje (1994-1998) wybrano Adka Kotule &#8211; kierownika USC w Lodzi.<br \/>\nW nastepnych kadencjach Stowarzyszeniem kierowali:<br \/>\nII kadencja 1998 &#8211; 2002 Krzysztof Szczepanek &#8211; (USC Zgierz)<br \/>\nIII &#8221; 2002 &#8211; 2004 Tomasz Brz\u00f3zka &#8211; (USC Zielona G\u00f3ra)<br \/>\nIV &#8221; 2004 &#8211; Tomasz Brz\u00f3zka &#8211; (USC Zielona G\u00f3ra)<\/p>\n<p>&nbsp;<\/p>\n<p><strong>Gl\u00f3wne cele statutowe SUSC RP:<\/strong><br \/>\n\u2022 podnoszenie wiedzy i kwalifikacji zawodowych urzednik\u00f3w stanu cywilnego;<br \/>\n\u2022 prowadzenie dzialalnosci wydawniczej wspomagajacej wiedze fachowa urzednik\u00f3w stanu cywilnego;<br \/>\n\u2022 wsp\u00f3lpraca z Ministerstwem Sprawiedliwosci i Ministerstwem Spraw Wewnetrznych i Administracji w zakresie zmian i aktualizacji obowiazujacych przepis\u00f3w prawa rodzinnego, prawa o aktach stanu cywilnego i rozporzadzen wykonawczych;<br \/>\n\u2022 samopomoc kolezenska wsr\u00f3d czlonk\u00f3w Stowarzyszenia.<br \/>\nNajwyzsza wladza Stowarzyszenia jest Walne Zgromadzenie Delegat\u00f3w SUSC RP zwolywane raz na 4 lata. W czasie miedzy zgromadzeniami wladze sprawuja wybrane na Walnym Zgromadzeniu:<br \/>\n1. Zarzad Gl\u00f3wny &#8211; w jego sklad wchodza: prezes, 2 wiceprezes\u00f3w, sekretarz, skarbnik i 4 czlonk\u00f3w;<br \/>\n2. Komisja Rewizyjna &#8211; przewodniczacy, zastepca i 3 czlonk\u00f3w<br \/>\n3. Sad Kolezenski &#8211; przewodniczacy i 4 czlonk\u00f3w.<br \/>\nW Stowarzyszeniu brak jest stanowisk etatowych. Funkcje pelnione sa spolecznie.<br \/>\nOstatnie Walne Zgromadzenie Delegat\u00f3w odbylo sie 24 wrzesnia 2006 r. w Mszczonowie, na kt\u00f3rym wybrano nastepujace wladze na IV kadencje:<br \/>\n1. Prezes Zarzadu &#8211; Tomasz Brz\u00f3zka &#8211; USC Zielona G\u00f3ra<br \/>\n2. I Wiceprezes &#8211; Henryk Chwyc &#8211; USC Lublin<br \/>\n3. II Wiceprezes &#8211; Aneta Papis &#8211; USC L\u00f3dz-Centrum<br \/>\n4. Sekretarz &#8211; Elzbieta Kaczmarek &#8211; USC Zielona G\u00f3ra<br \/>\n5. Skarbnik &#8211; Witold Lewicki &#8211; USC Olsztyn<br \/>\n6. Czlonek &#8211; Danuta Sorbian &#8211; USC Warszawa<br \/>\n7. Czlonek &#8211; Boguslawa Mielcarek &#8211; USC Koszalin<br \/>\n8. Czlonek &#8211; Danuta Barwicka &#8211; USC Radom<br \/>\n9. Czlonek &#8211; Dariusz Sawicki &#8211; USC Swiebodzin<\/p>\n<p>&nbsp;<\/p>\n<p><strong>Kontakt:<\/strong><br \/>\nStowarzyszenie Urzednik\u00f3w Stanu Cywilnego RP<br \/>\nZarzad Gl\u00f3wny<br \/>\nul. Stary Rynek 1<br \/>\n65-067 Zielona G\u00f3ra<br \/>\ntel.\/fax +04968 324 77 81<br \/>\ne-mail: <a href=\"mailto:t.brzozka@um.zielona-gora.pl\">t.brzozka@um.zielona-gora.pl<\/a> SUSC RP liczy 1861 czlonk\u00f3w zrzeszonych w 12 oddzialach terenowych.<\/p>\n<p>&nbsp;<\/p>\n<table style=\"width: 100%;\">\n<tbody>\n<tr>\n<td>Lp.<\/td>\n<td>Nazwa oddzialu<\/td>\n<td>Adres siedziby<\/td>\n<td>Rok powolania<\/td>\n<td>Ilosc czlonk\u00f3w<\/td>\n<td>Imie i nazwisko prezesa<\/td>\n<\/tr>\n<tr>\n<td>2<\/td>\n<td>Oddzial Lubelski<\/td>\n<td>ul. Leszczynskiego 20<br \/>\n20-069 Lublin<br \/>\ntel.\/fax 04981 747 16 43<br \/>\ne-mail: <a href=\"mailto:hchwyc@op.pl\">hchwyc@op.pl<\/a><\/td>\n<td>1994<\/td>\n<td>382<\/td>\n<td>Henryk Chwyc<\/td>\n<\/tr>\n<tr>\n<td>3<\/td>\n<td>Oddzial L\u00f3dzki<\/td>\n<td>al. Pilsudskiego 100<br \/>\n92-326 L\u00f3dz<br \/>\ntel. 04942 638 54 96<br \/>\nFax 04942 638 53 13<br \/>\nE-mail: <a href=\"mailto:a.papis@uml.lodz.pl\">a.papis@uml.lodz.pl<\/a><\/td>\n<td>1994<\/td>\n<td>127<\/td>\n<td>Krzysztof Szczepanek<\/td>\n<\/tr>\n<tr>\n<td>1<\/td>\n<td>Oddzial Lubuski<\/td>\n<td>ul. Stary Rynek 1<br \/>\n65-067 Zielona G\u00f3ra<br \/>\ntel.\/fax 04968 324 77 81<br \/>\nE-mail:<a href=\"mailto:t.brzozka@um.zielona-gora.pl\"> t.brzozka@um.zielona-gora.pl<\/a><\/td>\n<td>1994<\/td>\n<td>498<\/td>\n<td>Tomasz Brz\u00f3zka<\/td>\n<\/tr>\n<tr>\n<td>11<\/td>\n<td>Oddzial Podkarpacki<\/td>\n<td>pl. Ofiar Getta 7<br \/>\n35-002 Rzesz\u00f3w<br \/>\ntel. 04917 853 02 13<br \/>\nfax 04917 862 26 41<br \/>\ne-mail: <a href=\"mailto:wiktorj@um.rzeszow.pl\">wiktorj@um.rzeszow.pl<\/a><\/td>\n<td>1994<\/td>\n<td>120<\/td>\n<td>Jerzy Wiktor<\/td>\n<td><\/td>\n<\/tr>\n<tr>\n<td>6<\/td>\n<td>Oddzial Kujawsko-Pomorski<\/td>\n<td>pl. Zielony Rynek 11\/13<br \/>\n87-800 Wloclawek<br \/>\ntel. 04954 414 44 09<br \/>\nfax 04954 411 36 00<\/td>\n<td>1996<\/td>\n<td>75<\/td>\n<td>Grazyna Jankowska<\/td>\n<\/tr>\n<tr>\n<td>4<\/td>\n<td>Oddzial Slaski<\/td>\n<td>pl. Opatrznosci Bozej 18<br \/>\n43-300 Bielsko-Biala<br \/>\ntel. 04933 814 46 00<br \/>\nfax 04933 814 58 99<br \/>\ne-mail: <a href=\"mailto:um.usc@bielsko.pl\">um.usc@bielsko.pl<\/a><\/td>\n<td>1997<\/td>\n<td>145<\/td>\n<td>Kazimierz Gola<\/td>\n<\/tr>\n<tr>\n<td>5<\/td>\n<td>Oddzial Zachodniopomorski<\/td>\n<td>ul. Dabr\u00f3wki 1<br \/>\n75-007 Koszalin<br \/>\ntel. 04994 348 88 36<br \/>\nfax 04994 342 65 01<br \/>\ne-mail: <a href=\"mailto:boguslawa.mielcarek@um.man.koszalin.pl\">boguslawa.mielcarek@um.man.koszalin.pl<\/a><\/td>\n<td>1997<\/td>\n<td>124<\/td>\n<td>Boguslawa Mielcarek<\/td>\n<\/tr>\n<tr>\n<td>12<\/td>\n<td>Oddzial Podlaski<\/td>\n<td>ul. Zina 1<br \/>\n17-200 Hajn\u00f3wka<br \/>\ntel. 04985 682 26 70<br \/>\nfax 04985 682 29 94<\/td>\n<td>1997<\/td>\n<td>59<\/td>\n<td>Wladyslaw Witkowski<\/td>\n<\/tr>\n<tr>\n<td>10<\/td>\n<td>Oddzial Malopolski<\/td>\n<td>ul. Lubelska 27<br \/>\n30-003 Krak\u00f3w<br \/>\ntel. 04912 616 55 19<br \/>\nfax 04912 616 55 20<\/td>\n<td>2003<\/td>\n<td>3124<\/td>\n<td>Dariusz Hura<\/td>\n<\/tr>\n<tr>\n<td>7<\/td>\n<td>Oddzial Warszawski<\/td>\n<td>ul. Jezuicka 1\/3<br \/>\n00-950 Warszawa<br \/>\ntel. 04922 831 01 60<br \/>\nfax 04922 635 52 97<\/td>\n<td>2004<\/td>\n<td>72<\/td>\n<td>Danuta Sorbian<\/td>\n<\/tr>\n<tr>\n<td>9<\/td>\n<td>Oddzial Warminsko-Mazurski<\/td>\n<td>pl. Jana Pawla II 1<br \/>\n10-959 Olsztyn<br \/>\ntel. 04989 527 21 38<br \/>\nfax 04989 527 21 38<br \/>\ne-mail: <a href=\"mailto:USC@um.olsztyn.pl\">USC@um.olsztyn.pl<\/a><\/td>\n<td>2004<\/td>\n<td>66<\/td>\n<td>Barbara Subaczewska<\/td>\n<\/tr>\n<tr>\n<td>8<\/td>\n<td>Oddzial Mazowiecki<\/td>\n<td>ul. Wojska Polskiego 21<br \/>\n05-084 Leszno<br \/>\ntel. 04922 725 84 52<br \/>\nfax 04922 725 85 52<\/td>\n<td>2006<\/td>\n<td>369<\/td>\n<td>Grzegorz Lysak<\/td>\n<\/tr>\n<\/tbody>\n<\/table>\n","protected":false},"excerpt":{"rendered":"<p>Verband der Standesbeamten der Republik Polen (SUSC RP) &nbsp; Historie Die Initiative, einen Verband der polnischen Standesbeamten zu gr\u00fcnden, wurde im Jahre 1992 ergriffen. Nach mehrere Monate dauernden Konsultationen und Vorbereitungsma\u00dfnahmen wurde ein aus 25 Standesbeamten der gr\u00f6\u00dften polnischen St\u00e4dten bestehendes Gr\u00fcndungskomitee gebildet, das die Satzung des Verbandes erstellt und den Verband am 17. September [&hellip;]<\/p>\n","protected":false},"author":2,"featured_media":0,"parent":201,"menu_order":0,"comment_status":"closed","ping_status":"closed","template":"","meta":{"_acf_changed":false,"footnotes":""},"class_list":["post-547","page","type-page","status-publish","hentry"],"acf":[],"_links":{"self":[{"href":"https:\/\/evs-eu.org\/en\/wp-json\/wp\/v2\/pages\/547","targetHints":{"allow":["GET"]}}],"collection":[{"href":"https:\/\/evs-eu.org\/en\/wp-json\/wp\/v2\/pages"}],"about":[{"href":"https:\/\/evs-eu.org\/en\/wp-json\/wp\/v2\/types\/page"}],"author":[{"embeddable":true,"href":"https:\/\/evs-eu.org\/en\/wp-json\/wp\/v2\/users\/2"}],"replies":[{"embeddable":true,"href":"https:\/\/evs-eu.org\/en\/wp-json\/wp\/v2\/comments?post=547"}],"version-history":[{"count":4,"href":"https:\/\/evs-eu.org\/en\/wp-json\/wp\/v2\/pages\/547\/revisions"}],"predecessor-version":[{"id":606,"href":"https:\/\/evs-eu.org\/en\/wp-json\/wp\/v2\/pages\/547\/revisions\/606"}],"up":[{"embeddable":true,"href":"https:\/\/evs-eu.org\/en\/wp-json\/wp\/v2\/pages\/201"}],"wp:attachment":[{"href":"https:\/\/evs-eu.org\/en\/wp-json\/wp\/v2\/media?parent=547"}],"curies":[{"name":"wp","href":"https:\/\/api.w.org\/{rel}","templated":true}]}}