{"id":552,"date":"2015-09-02T16:25:49","date_gmt":"2015-09-02T14:25:49","guid":{"rendered":"http:\/\/evs-eu.org\/en\/?page_id=552"},"modified":"2015-09-02T17:10:41","modified_gmt":"2015-09-02T15:10:41","slug":"geschichtliches-zum-schweizerischen-zivilstandswesen","status":"publish","type":"page","link":"https:\/\/evs-eu.org\/en\/members\/geschichtliches-zum-schweizerischen-zivilstandswesen\/","title":{"rendered":"Geschichtliches zum Schweizerischen Zivilstandswesen"},"content":{"rendered":"<p><strong>Geschichtliches zum Schweizerischen Zivilstandswesen<\/strong><\/p>\n<p>&nbsp;<\/p>\n<p>Die Beurkundung des Personenstandes geht auf die fr\u00fchen Aufzeichnungen der kirchlichen Beh\u00f6rden zur\u00fcck. Diese kirchlichen Aufzeichnungen geben allerdings keinen \u00dcberblick \u00fcber die Zusammensetzung der Familien und die Verwandschaftsverh\u00e4ltnisse. Deshalb wurden zus\u00e4tzliche Verzeichnisse eingef\u00fchrt (Stammbuch, Haushaltregister, B\u00fcrgerrodel usw.)<br \/>\nDie oben erw\u00e4hnte kirchliche Registerf\u00fchrung wurde im Jahre 1876 im Zusammenhang mit der Einf\u00fchrung der obligatorischen zivilen Eheschliessung den weltlichen Beh\u00f6rden, d.h. den damals in der ganzen Schweiz neu geschaffenen Zivilstands\u00e4mtern \u00fcbertragen..<br \/>\nIm Jahre 1929 wurde das Famlienregister eingef\u00fchrt und dem Zivilstandsamt der jeweiligen Heimatgemeinde anvertraut; bis zur Einf\u00fchrung des elektronischen Personenstandsregisters wurden ihr von Amtes wegen alle Zivilstandsf\u00e4lle ausw\u00e4rts wohnender B\u00fcrger und B\u00fcrgerinnen gemeldet. Beim Familienregister handelte es sich um ein Sammelregister. Dieses System erlaubte es, mit einer einzigen Urkunde als Auszug aus dem Familienregister die Zusammensetzung der Familie und deren B\u00fcrgerrechtsverh\u00e4ltnisse nachzuweisen (z.B. in Erbschaftsangelegenheiten).<\/p>\n<p>&nbsp;<\/p>\n<p><strong>Das Zivilstandswesen heute &#8211; das elektronische Personenstandsregister<\/strong><\/p>\n<p>Durch das Projekt Infostar wurde die F\u00fchrung der Zivilstandsregister informatisiert und gesamtschweizerisch vernetzt (seit 2005). Der Bund betreibt f\u00fcr die Kantone eine zentrale Datenbank. Die Erfassung der Daten geschieht aber weiterhin dezentral durch die einzelnen Zivilstands\u00e4mter. Die bisherigen Funktionen der Zivilstandsregister (&#8220;Papierregister&#8221;) bleiben erhalten. In Infostar werden jedoch Zivilstandsereignisse und Familienbeziehungen den Personen individuell zugeordnet und nicht mehr (wie im Familienregister) &#8220;familienweise&#8221; dargestellt.<\/p>\n<p>&nbsp;<\/p>\n<p><strong>Der Schweizerische Verband (SVZ)<\/strong><\/p>\n<p>Der Schweizerische Verband f\u00fcr Zivilstandswesen (SVZ) wurde am 2. Oktober 1927 anl\u00e4sslich der Gr\u00fcndungsversammlung in Olten SO ins Leben gerufen. Er ist heute Dachverband von insgesamt 11 kantonalen und regionalen Verb\u00e4nden und Interessenvertretung der Zivilstandsbeamtinnen und Zivilstandsbeamten.<br \/>\nAufgaben und Ziele des SVZ:<br \/>\n\u2022 F\u00f6rderung des Ansehens und der beruflichen Stellung der im Zivilstandswesen t\u00e4tigen Personen;<br \/>\n\u2022 Wahrung und F\u00f6rderung gemeinsamer beruflicher Interessen;<br \/>\n\u2022 Durchf\u00fchrung von Massnahmen im Bereich der Aus- und Weiterbildung, insbesondere durch Veranstaltung von Grundkursen, Pr\u00fcfungsvorbereitungskursen und vom Bund anerkannten Berufspr\u00fcfungen und h\u00f6heren Fachpr\u00fcfungen;<br \/>\n\u2022 Durchf\u00fchrung von Fachveranstaltungen;<br \/>\n\u2022 Herausgabe und Unterst\u00fctzung von Fachpublikationen, namentlich der Zeitschrift f\u00fcr Zivilstandswesen, und Betrieb einer Homepage;<br \/>\n\u2022 Herausgabe von Drucksachen;<br \/>\n\u2022 Stellungnahme zu Entw\u00fcrfen f\u00fcr Erlasse im Fachbereich;<br \/>\n\u2022 Pflege der Kollegialit\u00e4t zwischen den Mitgliedern und mit verwandten Organisationen im In- und Ausland.<\/p>\n<p>&nbsp;<\/p>\n<p><strong>Die Ausbildung im Zivilstandswesen<\/strong><\/p>\n<p>Die kantonalen Aufsichtsbeh\u00f6rden sorgen die Aus- und Weiterbildung der im Zivilstandswesen t\u00e4tigen Personen. Der grosse Teil der gesamten Ausbildung wurde aber dem Schweizerischen Verband f\u00fcr Zivilstandswesen \u00fcbertragen.<br \/>\nDie Organisation der verschiedenen Ausbildungswege (Grundausbildung und Weiterbildung) im schweizerischen Zivilstandswesen wurde an eine Ausbildungskommission SVZ delegiert. F\u00fcr die Organisation und f\u00fcr die Durchf\u00fchrung der Eidgen\u00f6ssischen Pr\u00fcfung, die mit dem Eidgen\u00f6ssischen Fachausweis f\u00fcr Zivilstandsbeamtinnen oder Zivilstandsbeamte abschliesst, wurde eine Pr\u00fcfungskommission SVZ bestellt.Pr\u00e4sidium und<\/p>\n<p>&nbsp;<\/p>\n<p><strong>Gesch\u00e4ftsf\u00fchrung des Verbandes finden Sie unter<\/strong><\/p>\n<p><a href=\"http:\/\/www.zivilstandswesen.ch\/\" target=\"_blank\">www.zivilstandswesen.ch<\/a><br \/>\n<a href=\"http:\/\/www.zivilstandswesen.ch\/bienvenue\/\" target=\"_blank\">www.etatcivil.ch<\/a><br \/>\n<a href=\"http:\/\/www.zivilstandswesen.ch\/benvenuto\/\" target=\"_blank\">www.statocivile.ch<\/a><\/p>\n","protected":false},"excerpt":{"rendered":"<p>Geschichtliches zum Schweizerischen Zivilstandswesen &nbsp; Die Beurkundung des Personenstandes geht auf die fr\u00fchen Aufzeichnungen der kirchlichen Beh\u00f6rden zur\u00fcck. Diese kirchlichen Aufzeichnungen geben allerdings keinen \u00dcberblick \u00fcber die Zusammensetzung der Familien und die Verwandschaftsverh\u00e4ltnisse. Deshalb wurden zus\u00e4tzliche Verzeichnisse eingef\u00fchrt (Stammbuch, Haushaltregister, B\u00fcrgerrodel usw.) Die oben erw\u00e4hnte kirchliche Registerf\u00fchrung wurde im Jahre 1876 im Zusammenhang mit der [&hellip;]<\/p>\n","protected":false},"author":2,"featured_media":0,"parent":201,"menu_order":0,"comment_status":"closed","ping_status":"closed","template":"","meta":{"_acf_changed":false,"footnotes":""},"class_list":["post-552","page","type-page","status-publish","hentry"],"acf":[],"_links":{"self":[{"href":"https:\/\/evs-eu.org\/en\/wp-json\/wp\/v2\/pages\/552","targetHints":{"allow":["GET"]}}],"collection":[{"href":"https:\/\/evs-eu.org\/en\/wp-json\/wp\/v2\/pages"}],"about":[{"href":"https:\/\/evs-eu.org\/en\/wp-json\/wp\/v2\/types\/page"}],"author":[{"embeddable":true,"href":"https:\/\/evs-eu.org\/en\/wp-json\/wp\/v2\/users\/2"}],"replies":[{"embeddable":true,"href":"https:\/\/evs-eu.org\/en\/wp-json\/wp\/v2\/comments?post=552"}],"version-history":[{"count":4,"href":"https:\/\/evs-eu.org\/en\/wp-json\/wp\/v2\/pages\/552\/revisions"}],"predecessor-version":[{"id":593,"href":"https:\/\/evs-eu.org\/en\/wp-json\/wp\/v2\/pages\/552\/revisions\/593"}],"up":[{"embeddable":true,"href":"https:\/\/evs-eu.org\/en\/wp-json\/wp\/v2\/pages\/201"}],"wp:attachment":[{"href":"https:\/\/evs-eu.org\/en\/wp-json\/wp\/v2\/media?parent=552"}],"curies":[{"name":"wp","href":"https:\/\/api.w.org\/{rel}","templated":true}]}}