{"id":568,"date":"2015-09-02T16:41:29","date_gmt":"2015-09-02T14:41:29","guid":{"rendered":"http:\/\/evs-eu.org\/en\/?page_id=568"},"modified":"2025-10-27T09:25:17","modified_gmt":"2025-10-27T08:25:17","slug":"slowakischer-verein-fuer-standesbeamtinnen-und-standesbeamten","status":"publish","type":"page","link":"https:\/\/evs-eu.org\/en\/members\/slowakischer-verein-fuer-standesbeamtinnen-und-standesbeamten\/","title":{"rendered":"Slovakian Association of Registrars"},"content":{"rendered":"\n<p>The Slovak association of Registrars was founded in 2002 with its original title The Slovak Association of Registrars. The head of the association is the president, who is elected for 4 years by the members of the Slovak registrars regions. The vice-president is elected also for 4 years, not by members, but by the board of Slovak association. The Slovak association board also votes its representative for the Advisory Comittee in the EVS.<\/p>\n\n\n\n<p><strong>Adress and contacs<br><\/strong><\/p>\n\n\n\n<figure class=\"wp-block-table\"><table class=\"has-fixed-layout\"><tbody><tr><td><strong>President:<\/strong><br>Mgr. Miroslava Kme\u0165ov\u00e1<br>Miestny \u00farad Bratislava-Star\u00e9 Mesto<br>Matri\u010dn\u00fd \u00farad<br>Vajansk\u00e9ho n\u00e1bre\u017eie \u010d. 3<br>814 21 Bratislava, Slovakia<br>Mobil: +421904331840<br>miroslava.kmetova@<br>staremesto.sk<br><\/td><td><strong>Vice-president:<\/strong><br>Ing. Jana Savarov\u00e1<br>Matri\u010dn\u00fd \u00farad P\u00fachov<br>\u0160tef\u00e1nikova 821<br>020 01 P\u00fachov<br>Tel: +421 (0)42\/4650888<br>Mobil: +421 902 938850<br>jana.savarova@puchov.sk<\/td><td><strong>Member of the board of experts<\/strong><br>Ing. Diana Padychova<br>Miestny \u00farad M\u010c Bratislava<br>Dev\u00ednska Nov\u00e1 Ves<br>Novovesk\u00e1 17\/A<br>841 07 Bratislava<br>Mobil: +421 911 210 913<br>diana.padychova@gmail.com<br><br><br><br><br><br><\/td><\/tr><\/tbody><\/table><\/figure>\n\n\n\n<p><\/p>\n","protected":false},"excerpt":{"rendered":"<p>The Slovak association of Registrars was founded in 2002 with its original title The Slovak Association of Registrars. The head of the association is the president, who is elected for 4 years by the members of the Slovak registrars regions. The vice-president is elected also for 4 years, not by members, but by the board [&hellip;]<\/p>\n","protected":false},"author":2,"featured_media":0,"parent":201,"menu_order":0,"comment_status":"closed","ping_status":"closed","template":"","meta":{"_acf_changed":false,"footnotes":""},"class_list":["post-568","page","type-page","status-publish","hentry"],"acf":[],"_links":{"self":[{"href":"https:\/\/evs-eu.org\/en\/wp-json\/wp\/v2\/pages\/568","targetHints":{"allow":["GET"]}}],"collection":[{"href":"https:\/\/evs-eu.org\/en\/wp-json\/wp\/v2\/pages"}],"about":[{"href":"https:\/\/evs-eu.org\/en\/wp-json\/wp\/v2\/types\/page"}],"author":[{"embeddable":true,"href":"https:\/\/evs-eu.org\/en\/wp-json\/wp\/v2\/users\/2"}],"replies":[{"embeddable":true,"href":"https:\/\/evs-eu.org\/en\/wp-json\/wp\/v2\/comments?post=568"}],"version-history":[{"count":17,"href":"https:\/\/evs-eu.org\/en\/wp-json\/wp\/v2\/pages\/568\/revisions"}],"predecessor-version":[{"id":2706,"href":"https:\/\/evs-eu.org\/en\/wp-json\/wp\/v2\/pages\/568\/revisions\/2706"}],"up":[{"embeddable":true,"href":"https:\/\/evs-eu.org\/en\/wp-json\/wp\/v2\/pages\/201"}],"wp:attachment":[{"href":"https:\/\/evs-eu.org\/en\/wp-json\/wp\/v2\/media?parent=568"}],"curies":[{"name":"wp","href":"https:\/\/api.w.org\/{rel}","templated":true}]}}