{"id":647,"date":"2015-09-04T09:55:51","date_gmt":"2015-09-04T07:55:51","guid":{"rendered":"http:\/\/evs-eu.org\/en\/?page_id=647"},"modified":"2015-09-04T09:55:51","modified_gmt":"2015-09-04T07:55:51","slug":"noordiwijkerhout-erklaerung","status":"publish","type":"page","link":"https:\/\/evs-eu.org\/en\/explanations\/noordiwijkerhout-erklaerung\/","title":{"rendered":"NOORDIWIJKERHOUT ERKL\u00c4RUNG"},"content":{"rendered":"<p><strong>NOORDIWIJKERHOUT ERKL\u00c4RUNG<\/strong><\/p>\n<p>&nbsp;<\/p>\n<p>Die L\u00e4nder des Europ\u00e4ischen Verbandes der Standesbeamtinnen und Standesbeamten (EVS), der am 21. und 22. April 2005 in Noordwijkerhout, Niederlande, zusammengetreten ist,<\/p>\n<p>&nbsp;<\/p>\n<p><strong>erw\u00e4gend:<\/strong><\/p>\n<p>\u2022 dass das Nebeneinander unterschiedlicher nationaler Namensrechte den freien Rechtsverkehr von Personen innerhalb Europas erheblich behindert;<br \/>\n\u2022dass es erw\u00fcnscht ist, im Europa der B\u00fcrger ein zuverl\u00e4ssiges und ad\u00e4quates System des Austausches von Personendaten zu entwickeln;<br \/>\n\u2022dass der Rechtsverkehr von Personen innerhalb Europas durch das Fehlen eines eindeutigen und zuverl\u00e4ssigen Datenpakets bez\u00fcglich der Personenstandsdaten einer Person behindert wird;<br \/>\n\u2022dass das Bed\u00fcrfnis nach einem eindeutigen und authentischen Datensatz f\u00fcr das Zustandebringen von Rechtstatsachen und Rechtshandlungen f\u00fcr B\u00fcrger innerhalb Europas besteht;<br \/>\n\u2022dass in Erwartung des Inkrafttretens von Regeln f\u00fcr den internationalen Datenaustausch auf elektronischem Wege Bedarf an einem Dokument besteht, das diesem Bed\u00fcrfnis gen\u00fcgt;<\/p>\n<p>&nbsp;<\/p>\n<p><strong>beschlie\u00dfen:<\/strong><\/p>\n<p>sich daf\u00fcr einzusetzen, dass auf kurze Sicht ein Dokument festgelegt wird, das innerhalb Europas zu dem oben umschriebenen Zweck benutzt werden kann.<br \/>\nDabei richten wir einen dringenden Appell an die zust\u00e4ndigen Instanzen, das Dokument mittels eines Vertrags oder einer europ\u00e4ischen Verordnung zu realisieren.<\/p>\n","protected":false},"excerpt":{"rendered":"<p>NOORDIWIJKERHOUT ERKL\u00c4RUNG &nbsp; Die L\u00e4nder des Europ\u00e4ischen Verbandes der Standesbeamtinnen und Standesbeamten (EVS), der am 21. und 22. April 2005 in Noordwijkerhout, Niederlande, zusammengetreten ist, &nbsp; erw\u00e4gend: \u2022 dass das Nebeneinander unterschiedlicher nationaler Namensrechte den freien Rechtsverkehr von Personen innerhalb Europas erheblich behindert; \u2022dass es erw\u00fcnscht ist, im Europa der B\u00fcrger ein zuverl\u00e4ssiges und ad\u00e4quates [&hellip;]<\/p>\n","protected":false},"author":2,"featured_media":0,"parent":197,"menu_order":0,"comment_status":"closed","ping_status":"closed","template":"","meta":{"_acf_changed":false,"footnotes":""},"class_list":["post-647","page","type-page","status-publish","hentry"],"acf":[],"_links":{"self":[{"href":"https:\/\/evs-eu.org\/en\/wp-json\/wp\/v2\/pages\/647","targetHints":{"allow":["GET"]}}],"collection":[{"href":"https:\/\/evs-eu.org\/en\/wp-json\/wp\/v2\/pages"}],"about":[{"href":"https:\/\/evs-eu.org\/en\/wp-json\/wp\/v2\/types\/page"}],"author":[{"embeddable":true,"href":"https:\/\/evs-eu.org\/en\/wp-json\/wp\/v2\/users\/2"}],"replies":[{"embeddable":true,"href":"https:\/\/evs-eu.org\/en\/wp-json\/wp\/v2\/comments?post=647"}],"version-history":[{"count":2,"href":"https:\/\/evs-eu.org\/en\/wp-json\/wp\/v2\/pages\/647\/revisions"}],"predecessor-version":[{"id":649,"href":"https:\/\/evs-eu.org\/en\/wp-json\/wp\/v2\/pages\/647\/revisions\/649"}],"up":[{"embeddable":true,"href":"https:\/\/evs-eu.org\/en\/wp-json\/wp\/v2\/pages\/197"}],"wp:attachment":[{"href":"https:\/\/evs-eu.org\/en\/wp-json\/wp\/v2\/media?parent=647"}],"curies":[{"name":"wp","href":"https:\/\/api.w.org\/{rel}","templated":true}]}}