{"id":876,"date":"2015-09-16T13:46:23","date_gmt":"2015-09-16T11:46:23","guid":{"rendered":"http:\/\/evs-eu.org\/en\/?page_id=876"},"modified":"2016-02-08T09:23:31","modified_gmt":"2016-02-08T08:23:31","slug":"ergaenzung-2015","status":"publish","type":"page","link":"https:\/\/evs-eu.org\/en\/congress\/ergaenzung-2015\/","title":{"rendered":"Kassel 2015"},"content":{"rendered":"<p><strong>15. Kongress in Kassel &#8211; 11. und 12. Mai 2015<br \/>\n<\/strong><\/p>\n<p><a href=\"http:\/\/evs-eu.org\/wp-content\/uploads\/2015\/09\/7.png\"><img loading=\"lazy\" decoding=\"async\" class=\"alignnone size-medium wp-image-934\" src=\"http:\/\/evs-eu.org\/wp-content\/uploads\/2015\/09\/7-300x198.png\" alt=\"7\" width=\"300\" height=\"198\" srcset=\"https:\/\/evs-eu.org\/wp-content\/uploads\/2015\/09\/7-300x198.png 300w, https:\/\/evs-eu.org\/wp-content\/uploads\/2015\/09\/7-204x136.png 204w, https:\/\/evs-eu.org\/wp-content\/uploads\/2015\/09\/7.png 752w\" sizes=\"auto, (max-width: 300px) 100vw, 300px\" \/><\/a><\/p>\n<p>Insgesamt 160 Standesbeamtinnen und Standesbeamten aus 16 europ\u00e4ischen L\u00e4ndern haben an dem\u00a0Kongress teilgenommen.<br \/>\nVielen Dank.<\/p>\n<p>Ver\u00e4nderungen in der Gesellschaft \u2013 Herausforderungen f\u00fcr die Europ\u00e4ischen Standesbeamten,<br \/>\nChanges in the Society \u2013 Challenges for the European Registrars<\/p>\n<p>Aktuelle Themen aus der t\u00e4glichen Arbeit der europ\u00e4ischen Standesbeamten stehen auf der Tagesordnung. Interessante Vortr\u00e4ge zu den Themen Leihmutterschaft, Mitelternschaft im Bereich des Abstammungsrechts, Intersexualit\u00e4t, und standesamtliche Scheidungen in Rum\u00e4nien und Italien erwarten Sie.<\/p>\n<p>In mehreren Workshops tauschen Sie sich mit in- und ausl\u00e4ndischen Kollegen zu den Themen Ehe und Partnerschaft, Namensrecht und Registrierung von Sterbef\u00e4llen nach Katastrophen aus.<\/p>\n<p><a href=\"http:\/\/evs-eu.org\/wp-content\/uploads\/2015\/10\/EVS_Einladung.pdf\" target=\"_blank\">Einladung<\/a><br \/>\n<a href=\"http:\/\/evs-eu.org\/wp-content\/uploads\/2015\/10\/EVS_Invitation.pdf\" target=\"_blank\">Invitation<\/a><br \/>\n<a href=\"http:\/\/evs-eu.org\/wp-content\/uploads\/2015\/10\/evs_programm_akutalisiert_2015.04.15-1.pdf\" target=\"_blank\">Programm <\/a><\/p>\n<p>&nbsp;<\/p>\n<p>Weitere Informationen und Bilder finden Sie hier: <a href=\"http:\/\/evs-eu.org\/wp-content\/uploads\/2015\/09\/kurzbericht_evs_15.pdf\">kurzbericht_evs_15<\/a><\/p>\n<p>Vortr\u00e4ge:<\/p>\n<p><a href=\"http:\/\/evs-eu.org\/wp-content\/uploads\/2015\/09\/DEATHREGISTRATION.pdf\">Registrierung des Sterbefalles<\/a><\/p>\n<p><a href=\"http:\/\/evs-eu.org\/wp-content\/uploads\/2015\/09\/COMATERNITY_FINAL.pdf\">COMATERNITY \/ Mitelternschaft<\/a><\/p>\n<p><a href=\"http:\/\/evs-eu.org\/wp-content\/uploads\/2015\/09\/I-_Kassel-2015.pdf\">Neues Namensrecht in Italien<\/a><\/p>\n<p><a href=\"http:\/\/evs-eu.org\/wp-content\/uploads\/2015\/09\/hilpert.pdf\">Registrierung des Sterbefalles in Deutschland<\/a><\/p>\n<p>&nbsp;<\/p>\n<p>&nbsp;<\/p>\n<p>&nbsp;<\/p>\n<p>&nbsp;<\/p>\n<p>&nbsp;<\/p>\n","protected":false},"excerpt":{"rendered":"<p>15. Kongress in Kassel &#8211; 11. und 12. Mai 2015 Insgesamt 160 Standesbeamtinnen und Standesbeamten aus 16 europ\u00e4ischen L\u00e4ndern haben an dem\u00a0Kongress teilgenommen. Vielen Dank. Ver\u00e4nderungen in der Gesellschaft \u2013 Herausforderungen f\u00fcr die Europ\u00e4ischen Standesbeamten, Changes in the Society \u2013 Challenges for the European Registrars Aktuelle Themen aus der t\u00e4glichen Arbeit der europ\u00e4ischen Standesbeamten stehen [&hellip;]<\/p>\n","protected":false},"author":2,"featured_media":0,"parent":199,"menu_order":0,"comment_status":"closed","ping_status":"closed","template":"","meta":{"_acf_changed":false,"footnotes":""},"class_list":["post-876","page","type-page","status-publish","hentry"],"acf":[],"_links":{"self":[{"href":"https:\/\/evs-eu.org\/en\/wp-json\/wp\/v2\/pages\/876","targetHints":{"allow":["GET"]}}],"collection":[{"href":"https:\/\/evs-eu.org\/en\/wp-json\/wp\/v2\/pages"}],"about":[{"href":"https:\/\/evs-eu.org\/en\/wp-json\/wp\/v2\/types\/page"}],"author":[{"embeddable":true,"href":"https:\/\/evs-eu.org\/en\/wp-json\/wp\/v2\/users\/2"}],"replies":[{"embeddable":true,"href":"https:\/\/evs-eu.org\/en\/wp-json\/wp\/v2\/comments?post=876"}],"version-history":[{"count":11,"href":"https:\/\/evs-eu.org\/en\/wp-json\/wp\/v2\/pages\/876\/revisions"}],"predecessor-version":[{"id":1003,"href":"https:\/\/evs-eu.org\/en\/wp-json\/wp\/v2\/pages\/876\/revisions\/1003"}],"up":[{"embeddable":true,"href":"https:\/\/evs-eu.org\/en\/wp-json\/wp\/v2\/pages\/199"}],"wp:attachment":[{"href":"https:\/\/evs-eu.org\/en\/wp-json\/wp\/v2\/media?parent=876"}],"curies":[{"name":"wp","href":"https:\/\/api.w.org\/{rel}","templated":true}]}}